{"id":1849,"date":"2024-01-04T08:28:24","date_gmt":"2024-01-04T08:28:24","guid":{"rendered":"https:\/\/boquet.cat\/contacte\/"},"modified":"2025-09-18T07:30:06","modified_gmt":"2025-09-18T07:30:06","slug":"contacta","status":"publish","type":"page","link":"https:\/\/boquet.cat\/es\/contacta\/","title":{"rendered":"Contacta"},"content":{"rendered":"\n<style type=\"text\/css\" data-created_by=\"avia_inline_auto\" id=\"style-css-av-lqyxv7l6-a8b2baba60f0726ece37e1ac8b11901d\">\n.avia-section.av-lqyxv7l6-a8b2baba60f0726ece37e1ac8b11901d .av-parallax .av-parallax-inner{\nbackground-repeat:no-repeat;\nbackground-image:url(https:\/\/boquet.cat\/wp-content\/uploads\/2024\/01\/pexels-life-of-pix-7974.jpg);\nbackground-position:50% 100%;\nbackground-attachment:scroll;\n}\n.avia-section.av-lqyxv7l6-a8b2baba60f0726ece37e1ac8b11901d .av-section-color-overlay{\nopacity:0.6;\nbackground-color:#000000;\n}\n<\/style>\n<div id='av_section_1'  class='avia-section av-lqyxv7l6-a8b2baba60f0726ece37e1ac8b11901d main_color avia-section-default avia-no-border-styling  avia-builder-el-0  el_before_av_one_half  avia-builder-el-first  avia-full-stretch av-parallax-section avia-bg-style-parallax av-section-color-overlay-active av-minimum-height av-minimum-height-25 av-height-25  container_wrap sidebar_right'  data-section-bg-repeat='stretch' data-av_minimum_height_pc='25' data-av_min_height_opt='25'><div class='av-parallax' data-avia-parallax-ratio='0.3' ><div class='av-parallax-inner main_color avia-full-stretch'><\/div><\/div><div class=\"av-section-color-overlay-wrap\"><div class=\"av-section-color-overlay\"><\/div><div class='container av-section-cont-open' ><main  role=\"main\" itemprop=\"mainContentOfPage\"  class='template-page content  av-content-small alpha units'><div class='post-entry post-entry-type-page post-entry-1849'><div class='entry-content-wrapper clearfix'>\n<div  class='flex_column av-19yjgp-f107cc23999c05f941a24b1590b25e54 av_one_full  avia-builder-el-1  avia-builder-el-no-sibling  first flex_column_div  '     ><style type=\"text\/css\" data-created_by=\"avia_inline_auto\" id=\"style-css-av-lqyxvr0t-de57bb68acaffe2736673af956873654\">\n#top .av-special-heading.av-lqyxvr0t-de57bb68acaffe2736673af956873654{\npadding-bottom:10px;\ncolor:#ffffff;\nfont-size:55px;\n}\nbody .av-special-heading.av-lqyxvr0t-de57bb68acaffe2736673af956873654 .av-special-heading-tag .heading-char{\nfont-size:25px;\n}\n#top #wrap_all .av-special-heading.av-lqyxvr0t-de57bb68acaffe2736673af956873654 .av-special-heading-tag{\nfont-size:55px;\n}\n.av-special-heading.av-lqyxvr0t-de57bb68acaffe2736673af956873654 .special-heading-inner-border{\nborder-color:#ffffff;\n}\n.av-special-heading.av-lqyxvr0t-de57bb68acaffe2736673af956873654 .av-subheading{\nfont-size:15px;\n}\n\n@media only screen and (min-width: 480px) and (max-width: 767px){ \n#top #wrap_all .av-special-heading.av-lqyxvr0t-de57bb68acaffe2736673af956873654 .av-special-heading-tag{\nfont-size:0.8em;\n}\n}\n\n@media only screen and (max-width: 479px){ \n#top #wrap_all .av-special-heading.av-lqyxvr0t-de57bb68acaffe2736673af956873654 .av-special-heading-tag{\nfont-size:0.8em;\n}\n}\n<\/style>\n<div  class='av-special-heading av-lqyxvr0t-de57bb68acaffe2736673af956873654 av-special-heading-h1 custom-color-heading blockquote modern-quote modern-centered  avia-builder-el-2  avia-builder-el-no-sibling  av-inherit-size'><h1 class='av-special-heading-tag '  itemprop=\"headline\"  >Contacta<\/h1><div class='av_custom_color av-subheading av-subheading_below'><p>Inicio &gt; Contacta<\/p>\n<\/div><div class=\"special-heading-border\"><div class=\"special-heading-inner-border\"><\/div><\/div><\/div><\/div>\n<\/div><\/div><\/main><!-- close content main element --><\/div><\/div><\/div><div id='after_section_1'  class='main_color av_default_container_wrap container_wrap sidebar_right'  ><div class='container av-section-cont-open' ><div class='template-page content  av-content-small alpha units'><div class='post-entry post-entry-type-page post-entry-1849'><div class='entry-content-wrapper clearfix'>\n<div  class='flex_column av-11tfrl-ca39e68ade22d29680adae9003e668aa av_one_half  avia-builder-el-3  el_after_av_section  el_before_av_one_half  avia-builder-el-first  first flex_column_div  '     ><p><br \/>\n<section  class='av_textblock_section av-lwq8s2zf-573f7acaf28cadd508b4fc21f9cff9a7 '   itemscope=\"itemscope\" itemtype=\"https:\/\/schema.org\/CreativeWork\" ><div class='avia_textblock'  itemprop=\"text\" ><p><small>ELECTRICITAT BOQUET, S.L. como responsable del tratamiento tratar\u00e1 tus datos con la finalidad de dar respuesta a tu consulta o petici\u00f3n. Puedes acceder, rectificar y suprimir tus datos, as\u00ed como ejercer otros derechos consultando la informaci\u00f3n adicional y detallada sobre protecci\u00f3n de datos en nuestra <a href=\"https:\/\/boquet.cat\/es\/politica-de-privadesa\/\">Pol\u00edtica de Privacidad<\/a><\/small><\/p>\n<\/div><\/section><\/p><\/div><div  class='flex_column av-b3i4x-3f9362cfa05ae79cbd42cd29055e910a av_one_half  avia-builder-el-6  el_after_av_one_half  el_before_av_google_map  avia-builder-el-last  flex_column_div  '     ><p>\n<style type=\"text\/css\" data-created_by=\"avia_inline_auto\" id=\"style-css-av-lqyy2594-216893c656cfca4a3e4ce2b4e0a34066\">\n#top .av-special-heading.av-lqyy2594-216893c656cfca4a3e4ce2b4e0a34066{\npadding-bottom:10px;\n}\nbody .av-special-heading.av-lqyy2594-216893c656cfca4a3e4ce2b4e0a34066 .av-special-heading-tag .heading-char{\nfont-size:25px;\n}\n.av-special-heading.av-lqyy2594-216893c656cfca4a3e4ce2b4e0a34066 .av-subheading{\nfont-size:15px;\n}\n<\/style>\n<div  class='av-special-heading av-lqyy2594-216893c656cfca4a3e4ce2b4e0a34066 av-special-heading-h2 blockquote modern-quote  avia-builder-el-7  el_before_av_textblock  avia-builder-el-first '><div class='av-subheading av-subheading_above'><p>Contacto con nosotros<\/p>\n<\/div><h2 class='av-special-heading-tag '  itemprop=\"headline\"  >Nuestro equipo t\u00e9cnico estar\u00e1 encantado de ofrecerle asistencia.<\/h2><div class=\"special-heading-border\"><div class=\"special-heading-inner-border\"><\/div><\/div><\/div><br \/>\n<section  class='av_textblock_section av-lqyy2dsi-c3379a3e5d17d3c11647c19c0948deff '   itemscope=\"itemscope\" itemtype=\"https:\/\/schema.org\/CreativeWork\" ><div class='avia_textblock'  itemprop=\"text\" ><p>Estamos aqu\u00ed para escucharte y ayudarte a impulsar tus proyectos con nuestras soluciones de instalaciones t\u00e9cnicas y servicios de mantenimiento integral. Si tienes alguna pregunta, necesitas m\u00e1s informaci\u00f3n o quieres iniciar una colaboraci\u00f3n, no dudes en contactar con nosotros.<\/p>\n<\/div><\/section><br \/>\n\n<style type=\"text\/css\" data-created_by=\"avia_inline_auto\" id=\"style-css-av-lqyye16m-558621b5a1de35e363f421f374d12c8b\">\n#top .avia-icon-list-container.av-lqyye16m-558621b5a1de35e363f421f374d12c8b .iconlist_icon{\nbackground-color:#ee7e06;\n}\n<\/style>\n<div  class='avia-icon-list-container av-lqyye16m-558621b5a1de35e363f421f374d12c8b  avia-builder-el-9  el_after_av_textblock  el_before_av_heading '><ul class='avia-icon-list avia_animate_when_almost_visible avia-icon-list-left av-iconlist-big av-lqyye16m-558621b5a1de35e363f421f374d12c8b avia-iconlist-animate'>\n<li><div class='iconlist_icon av-lqyycyha-7a30ec1186af421da9c2027f9a2f7948 avia-font-entypo-fontello avia-iconfont avia-font-entypo-fontello'><span class='av-icon-char' data-av_icon='\ue821' data-av_iconfont='entypo-fontello' aria-hidden=\"true\"><\/span><\/div><article class=\"article-icon-entry \"  itemscope=\"itemscope\" itemtype=\"https:\/\/schema.org\/CreativeWork\" ><div class=\"iconlist_content_wrap\"><header class=\"entry-content-header\" aria-label=\"Icon: Localizaci\u00f3n Sede Central\"><h4 class='av_iconlist_title iconlist_title  '  itemprop=\"headline\" >Localizaci\u00f3n Sede Central<\/h4><\/header><div class='iconlist_content '  itemprop=\"text\" ><p>c\/ Batista y Roca, 5-7, Bajos 08302 Matar\u00f3 (Barcelona)<\/p>\n<\/div><\/div><footer class=\"entry-footer\"><\/footer><\/article><div class=\"iconlist-timeline\"><\/div><\/li>\n<li><div class='iconlist_icon av-lqyydbs0-d4e47b8c90d3db976ba87b9ff200f2ec avia-font-entypo-fontello avia-iconfont avia-font-entypo-fontello'><span class='av-icon-char' data-av_icon='\ue805' data-av_iconfont='entypo-fontello' aria-hidden=\"true\"><\/span><\/div><article class=\"article-icon-entry \"  itemscope=\"itemscope\" itemtype=\"https:\/\/schema.org\/CreativeWork\" ><div class=\"iconlist_content_wrap\"><header class=\"entry-content-header\" aria-label=\"Icon:  E-mail\"><h4 class='av_iconlist_title iconlist_title  '  itemprop=\"headline\" > E-mail<\/h4><\/header><div class='iconlist_content '  itemprop=\"text\" ><p>boquet@boquet.cat<\/p>\n<\/div><\/div><footer class=\"entry-footer\"><\/footer><\/article><div class=\"iconlist-timeline\"><\/div><\/li>\n<li><div class='iconlist_icon av-lqyydmky-ead236d2dba82a9c7b2fd50d83f67494 avia-font-entypo-fontello avia-iconfont avia-font-entypo-fontello'><span class='av-icon-char' data-av_icon='\ue854' data-av_iconfont='entypo-fontello' aria-hidden=\"true\"><\/span><\/div><article class=\"article-icon-entry \"  itemscope=\"itemscope\" itemtype=\"https:\/\/schema.org\/CreativeWork\" ><div class=\"iconlist_content_wrap\"><header class=\"entry-content-header\" aria-label=\"Icon: Tel\u00e9fono\"><h4 class='av_iconlist_title iconlist_title  '  itemprop=\"headline\" >Tel\u00e9fono<\/h4><\/header><div class='iconlist_content '  itemprop=\"text\" ><p>93 799 02 12<\/p>\n<\/div><\/div><footer class=\"entry-footer\"><\/footer><\/article><div class=\"iconlist-timeline\"><\/div><\/li>\n<\/ul><\/div><br \/>\n\n<style type=\"text\/css\" data-created_by=\"avia_inline_auto\" id=\"style-css-av-lqyyihkm-a3d4c653dfe1bb778bf5686ce5a573a8\">\n#top .av-special-heading.av-lqyyihkm-a3d4c653dfe1bb778bf5686ce5a573a8{\npadding-bottom:10px;\n}\nbody .av-special-heading.av-lqyyihkm-a3d4c653dfe1bb778bf5686ce5a573a8 .av-special-heading-tag .heading-char{\nfont-size:25px;\n}\n.av-special-heading.av-lqyyihkm-a3d4c653dfe1bb778bf5686ce5a573a8 .av-subheading{\nfont-size:15px;\n}\n<\/style>\n<div  class='av-special-heading av-lqyyihkm-a3d4c653dfe1bb778bf5686ce5a573a8 av-special-heading-h4 blockquote modern-quote  avia-builder-el-10  el_after_av_iconlist  el_before_av_textblock '><h4 class='av-special-heading-tag '  itemprop=\"headline\"  >Horario de atenci\u00f3n<\/h4><div class=\"special-heading-border\"><div class=\"special-heading-inner-border\"><\/div><\/div><\/div><br \/>\n<section  class='av_textblock_section av-lqyyksyk-4b22e0169c5cc4960cdf799ca63fc712 '   itemscope=\"itemscope\" itemtype=\"https:\/\/schema.org\/CreativeWork\" ><div class='avia_textblock'  itemprop=\"text\" ><p>\n<style type=\"text\/css\" data-created_by=\"avia_inline_auto\" id=\"style-css-av-9k8xt-37b888921b439dc8cd28c0e0b0140d6f\">\n.av_font_icon.av-9k8xt-37b888921b439dc8cd28c0e0b0140d6f .av-icon-char{\nfont-size:40px;\nline-height:40px;\n}\n<\/style>\n<span  class='av_font_icon av-9k8xt-37b888921b439dc8cd28c0e0b0140d6f avia_animate_when_visible av-icon-style- avia-icon-pos-left avia-iconfont avia-font-entypo-fontello av-no-color avia-icon-animate'><span class='av-icon-char' data-av_icon='\ue862' data-av_iconfont='entypo-fontello' aria-hidden=\"true\" ><\/span><\/span> Lunes a Viernes<br \/>\n9:00-14:00hs a 16:00-19:00hs<\/p>\n<\/div><\/section><\/p><\/div><\/p>\n<div  class='av_gmaps_sc_main_wrap av_gmaps_main_wrap '><div id='av_gmap_0' class='avia-google-map-container avia-google-map-sc av_gmaps_show_unconditionally av-no-fallback-img ' data-mapid='av_gmap_0'  style='height: 400px;'><a class=\"av_gmaps_browser_disabled av_text_confirm_link av_text_confirm_link_visible\" href=\"https:\/\/www.google.com\/maps\/search\/?api=1&#038;query=c\/%20Batista%20i%20Roca,%205-7%2008302%20%20Mataro%20Barcelona%20%20Espa\u00f1a\" target=\"_blank\">Maps were disabled by the visitor on this site. Click to open the map in a new window.<\/a><\/div><\/div>\n","protected":false},"excerpt":{"rendered":"","protected":false},"author":1,"featured_media":0,"parent":0,"menu_order":0,"comment_status":"closed","ping_status":"closed","template":"","meta":{"footnotes":""},"class_list":["post-1849","page","type-page","status-publish","hentry"],"yoast_head":"<!-- This site is optimized with the Yoast SEO plugin v27.4 - https:\/\/yoast.com\/product\/yoast-seo-wordpress\/ -->\n<title>Contacta - Boquet<\/title>\n<meta name=\"description\" content=\"Cont\u00e1ctanos ahora para discutir tus necesidades energ\u00e9ticas y c\u00f3mo podemos ayudarte a ahorrar y optimizar tu consumo.\" \/>\n<meta name=\"robots\" content=\"index, follow, max-snippet:-1, max-image-preview:large, max-video-preview:-1\" \/>\n<link rel=\"canonical\" href=\"https:\/\/boquet.cat\/es\/contacta\/\" \/>\n<meta property=\"og:locale\" content=\"es_ES\" \/>\n<meta property=\"og:type\" content=\"article\" \/>\n<meta property=\"og:title\" content=\"Contacta - Boquet\" \/>\n<meta property=\"og:description\" content=\"Cont\u00e1ctanos ahora para discutir tus necesidades energ\u00e9ticas y c\u00f3mo podemos ayudarte a ahorrar y optimizar tu consumo.\" \/>\n<meta property=\"og:url\" content=\"https:\/\/boquet.cat\/es\/contacta\/\" \/>\n<meta property=\"og:site_name\" content=\"Boquet\" \/>\n<meta property=\"article:modified_time\" content=\"2025-09-18T07:30:06+00:00\" \/>\n<meta name=\"twitter:card\" content=\"summary_large_image\" \/>\n<meta name=\"twitter:label1\" content=\"Tiempo de lectura\" \/>\n\t<meta name=\"twitter:data1\" content=\"1 minuto\" \/>\n<script type=\"application\/ld+json\" class=\"yoast-schema-graph\">{\"@context\":\"https:\\\/\\\/schema.org\",\"@graph\":[{\"@type\":\"WebPage\",\"@id\":\"https:\\\/\\\/boquet.cat\\\/es\\\/contacta\\\/\",\"url\":\"https:\\\/\\\/boquet.cat\\\/es\\\/contacta\\\/\",\"name\":\"Contacta - Boquet\",\"isPartOf\":{\"@id\":\"https:\\\/\\\/boquet.cat\\\/#website\"},\"datePublished\":\"2024-01-04T08:28:24+00:00\",\"dateModified\":\"2025-09-18T07:30:06+00:00\",\"description\":\"Cont\u00e1ctanos ahora para discutir tus necesidades energ\u00e9ticas y c\u00f3mo podemos ayudarte a ahorrar y optimizar tu consumo.\",\"breadcrumb\":{\"@id\":\"https:\\\/\\\/boquet.cat\\\/es\\\/contacta\\\/#breadcrumb\"},\"inLanguage\":\"es\",\"potentialAction\":[{\"@type\":\"ReadAction\",\"target\":[\"https:\\\/\\\/boquet.cat\\\/es\\\/contacta\\\/\"]}]},{\"@type\":\"BreadcrumbList\",\"@id\":\"https:\\\/\\\/boquet.cat\\\/es\\\/contacta\\\/#breadcrumb\",\"itemListElement\":[{\"@type\":\"ListItem\",\"position\":1,\"name\":\"Inici\",\"item\":\"https:\\\/\\\/boquet.cat\\\/es\\\/inicio\\\/\"},{\"@type\":\"ListItem\",\"position\":2,\"name\":\"Contacta\"}]},{\"@type\":\"WebSite\",\"@id\":\"https:\\\/\\\/boquet.cat\\\/#website\",\"url\":\"https:\\\/\\\/boquet.cat\\\/\",\"name\":\"Boquet\",\"description\":\"\",\"potentialAction\":[{\"@type\":\"SearchAction\",\"target\":{\"@type\":\"EntryPoint\",\"urlTemplate\":\"https:\\\/\\\/boquet.cat\\\/?s={search_term_string}\"},\"query-input\":{\"@type\":\"PropertyValueSpecification\",\"valueRequired\":true,\"valueName\":\"search_term_string\"}}],\"inLanguage\":\"es\"}]}<\/script>\n<!-- \/ Yoast SEO plugin. -->","yoast_head_json":{"title":"Contacta - Boquet","description":"Cont\u00e1ctanos ahora para discutir tus necesidades energ\u00e9ticas y c\u00f3mo podemos ayudarte a ahorrar y optimizar tu consumo.","robots":{"index":"index","follow":"follow","max-snippet":"max-snippet:-1","max-image-preview":"max-image-preview:large","max-video-preview":"max-video-preview:-1"},"canonical":"https:\/\/boquet.cat\/es\/contacta\/","og_locale":"es_ES","og_type":"article","og_title":"Contacta - Boquet","og_description":"Cont\u00e1ctanos ahora para discutir tus necesidades energ\u00e9ticas y c\u00f3mo podemos ayudarte a ahorrar y optimizar tu consumo.","og_url":"https:\/\/boquet.cat\/es\/contacta\/","og_site_name":"Boquet","article_modified_time":"2025-09-18T07:30:06+00:00","twitter_card":"summary_large_image","twitter_misc":{"Tiempo de lectura":"1 minuto"},"schema":{"@context":"https:\/\/schema.org","@graph":[{"@type":"WebPage","@id":"https:\/\/boquet.cat\/es\/contacta\/","url":"https:\/\/boquet.cat\/es\/contacta\/","name":"Contacta - Boquet","isPartOf":{"@id":"https:\/\/boquet.cat\/#website"},"datePublished":"2024-01-04T08:28:24+00:00","dateModified":"2025-09-18T07:30:06+00:00","description":"Cont\u00e1ctanos ahora para discutir tus necesidades energ\u00e9ticas y c\u00f3mo podemos ayudarte a ahorrar y optimizar tu consumo.","breadcrumb":{"@id":"https:\/\/boquet.cat\/es\/contacta\/#breadcrumb"},"inLanguage":"es","potentialAction":[{"@type":"ReadAction","target":["https:\/\/boquet.cat\/es\/contacta\/"]}]},{"@type":"BreadcrumbList","@id":"https:\/\/boquet.cat\/es\/contacta\/#breadcrumb","itemListElement":[{"@type":"ListItem","position":1,"name":"Inici","item":"https:\/\/boquet.cat\/es\/inicio\/"},{"@type":"ListItem","position":2,"name":"Contacta"}]},{"@type":"WebSite","@id":"https:\/\/boquet.cat\/#website","url":"https:\/\/boquet.cat\/","name":"Boquet","description":"","potentialAction":[{"@type":"SearchAction","target":{"@type":"EntryPoint","urlTemplate":"https:\/\/boquet.cat\/?s={search_term_string}"},"query-input":{"@type":"PropertyValueSpecification","valueRequired":true,"valueName":"search_term_string"}}],"inLanguage":"es"}]}},"_links":{"self":[{"href":"https:\/\/boquet.cat\/es\/wp-json\/wp\/v2\/pages\/1849","targetHints":{"allow":["GET"]}}],"collection":[{"href":"https:\/\/boquet.cat\/es\/wp-json\/wp\/v2\/pages"}],"about":[{"href":"https:\/\/boquet.cat\/es\/wp-json\/wp\/v2\/types\/page"}],"author":[{"embeddable":true,"href":"https:\/\/boquet.cat\/es\/wp-json\/wp\/v2\/users\/1"}],"replies":[{"embeddable":true,"href":"https:\/\/boquet.cat\/es\/wp-json\/wp\/v2\/comments?post=1849"}],"version-history":[{"count":0,"href":"https:\/\/boquet.cat\/es\/wp-json\/wp\/v2\/pages\/1849\/revisions"}],"wp:attachment":[{"href":"https:\/\/boquet.cat\/es\/wp-json\/wp\/v2\/media?parent=1849"}],"curies":[{"name":"wp","href":"https:\/\/api.w.org\/{rel}","templated":true}]}}