{"id":1851,"date":"2024-01-08T11:23:54","date_gmt":"2024-01-08T11:23:54","guid":{"rendered":"https:\/\/boquet.cat\/contacte-residencials\/"},"modified":"2025-09-18T07:09:50","modified_gmt":"2025-09-18T07:09:50","slug":"contacto-residenciales","status":"publish","type":"page","link":"https:\/\/boquet.cat\/es\/contacto-residenciales\/","title":{"rendered":"Contacto Residenciales"},"content":{"rendered":"\n<style type=\"text\/css\" data-created_by=\"avia_inline_auto\" id=\"style-css-av-2ra26g-3eef2f8b779087ba460db305a64959a9\">\n.avia-section.av-2ra26g-3eef2f8b779087ba460db305a64959a9 .av-parallax .av-parallax-inner{\nbackground-repeat:no-repeat;\nbackground-image:url(https:\/\/boquet.cat\/wp-content\/uploads\/2024\/01\/pexels-life-of-pix-7974.jpg);\nbackground-position:50% 100%;\nbackground-attachment:scroll;\n}\n.avia-section.av-2ra26g-3eef2f8b779087ba460db305a64959a9 .av-section-color-overlay{\nopacity:0.6;\nbackground-color:#000000;\n}\n<\/style>\n<div id='av_section_1'  class='avia-section av-2ra26g-3eef2f8b779087ba460db305a64959a9 main_color avia-section-default avia-no-border-styling  avia-builder-el-0  el_before_av_one_half  avia-builder-el-first  avia-full-stretch av-parallax-section avia-bg-style-parallax av-section-color-overlay-active av-minimum-height av-minimum-height-25 av-height-25  container_wrap sidebar_right'  data-section-bg-repeat='stretch' data-av_minimum_height_pc='25' data-av_min_height_opt='25'><div class='av-parallax' data-avia-parallax-ratio='0.3' ><div class='av-parallax-inner main_color avia-full-stretch'><\/div><\/div><div class=\"av-section-color-overlay-wrap\"><div class=\"av-section-color-overlay\"><\/div><div class='container av-section-cont-open' ><main  role=\"main\" itemprop=\"mainContentOfPage\"  class='template-page content  av-content-small alpha units'><div class='post-entry post-entry-type-page post-entry-1851'><div class='entry-content-wrapper clearfix'>\n<div  class='flex_column av-2k9an4-fe63085c18bb61f093d5f3b717195a9a av_one_full  avia-builder-el-1  avia-builder-el-no-sibling  first flex_column_div  '     ><style type=\"text\/css\" data-created_by=\"avia_inline_auto\" id=\"style-css-av-2ffyo8-a5538ecf782ad4ca9316210eadd93e5f\">\n#top .av-special-heading.av-2ffyo8-a5538ecf782ad4ca9316210eadd93e5f{\npadding-bottom:10px;\ncolor:#ffffff;\nfont-size:55px;\n}\nbody .av-special-heading.av-2ffyo8-a5538ecf782ad4ca9316210eadd93e5f .av-special-heading-tag .heading-char{\nfont-size:25px;\n}\n#top #wrap_all .av-special-heading.av-2ffyo8-a5538ecf782ad4ca9316210eadd93e5f .av-special-heading-tag{\nfont-size:55px;\n}\n.av-special-heading.av-2ffyo8-a5538ecf782ad4ca9316210eadd93e5f .special-heading-inner-border{\nborder-color:#ffffff;\n}\n.av-special-heading.av-2ffyo8-a5538ecf782ad4ca9316210eadd93e5f .av-subheading{\nfont-size:15px;\n}\n\n@media only screen and (min-width: 480px) and (max-width: 767px){ \n#top #wrap_all .av-special-heading.av-2ffyo8-a5538ecf782ad4ca9316210eadd93e5f .av-special-heading-tag{\nfont-size:0.8em;\n}\n}\n\n@media only screen and (max-width: 479px){ \n#top #wrap_all .av-special-heading.av-2ffyo8-a5538ecf782ad4ca9316210eadd93e5f .av-special-heading-tag{\nfont-size:0.8em;\n}\n}\n<\/style>\n<div  class='av-special-heading av-2ffyo8-a5538ecf782ad4ca9316210eadd93e5f av-special-heading-h1 custom-color-heading blockquote modern-quote modern-centered  avia-builder-el-2  avia-builder-el-no-sibling  av-inherit-size'><h1 class='av-special-heading-tag '  itemprop=\"headline\"  >Contacta<\/h1><div class='av_custom_color av-subheading av-subheading_below'><p>Residenciales &gt; Contacta<\/p>\n<\/div><div class=\"special-heading-border\"><div class=\"special-heading-inner-border\"><\/div><\/div><\/div><\/div>\n<\/div><\/div><\/main><!-- close content main element --><\/div><\/div><\/div><div id='after_section_1'  class='main_color av_default_container_wrap container_wrap sidebar_right'  ><div class='container av-section-cont-open' ><div class='template-page content  av-content-small alpha units'><div class='post-entry post-entry-type-page post-entry-1851'><div class='entry-content-wrapper clearfix'>\n<div  class='flex_column av-2aw0o0-9a85cdb95aa535ab6ec023cfb1b861ef av_one_half  avia-builder-el-3  el_after_av_section  el_before_av_one_half  avia-builder-el-first  first flex_column_div  '     ><p><form action=\"https:\/\/boquet.cat\/es\/contacto-residenciales\/\" method=\"post\" data-fields-with-error=\"Found errors in the following field(s):\" class=\"avia_ajax_form av-form-labels-hidden   avia-builder-el-4  el_before_av_textblock  avia-builder-el-first   \" data-avia-form-id=\"1\" data-avia-redirect='' ><fieldset><p class='  first_form  form_element form_element_half' id='element_avia_1_1'><label for=\"avia_1_1\">Nombre y apellido <abbr class=\"required\" title=\"requerido\">*<\/abbr><\/label> <input name=\"avia_1_1\" class=\"text_input is_empty\" type=\"text\" id=\"avia_1_1\" value=\"\"  placeholder='Nombre y apellido*'\/><\/p><p class='  form_element form_element_half' id='element_avia_2_1'><label for=\"avia_2_1\">E-Mail <abbr class=\"required\" title=\"requerido\">*<\/abbr><\/label> <input name=\"avia_2_1\" class=\"text_input is_email\" type=\"text\" id=\"avia_2_1\" value=\"\"  placeholder='E-Mail*'\/><\/p><p class='  first_form  form_element form_element_half' id='element_avia_3_1'><label for=\"avia_3_1\">Tel\u00e9fono<\/label> <input name=\"avia_3_1\" class=\"text_input \" type=\"text\" id=\"avia_3_1\" value=\"\"  placeholder='Tel\u00e9fono'\/><\/p><p class='  form_element form_element_half' id='element_avia_4_1'><label for=\"avia_4_1\">Poblaci\u00f3n <abbr class=\"required\" title=\"requerido\">*<\/abbr><\/label> <input name=\"avia_4_1\" class=\"text_input is_empty\" type=\"text\" id=\"avia_4_1\" value=\"\"  placeholder='Poblaci\u00f3n*'\/><\/p><p class='  first_form  form_element form_fullwidth' id='element_avia_5_1'><label for=\"avia_5_1\">\u00bfQu\u00e9 necesitas? <abbr class=\"required\" title=\"requerido\">*<\/abbr><\/label><select  name=\"avia_5_1\" class=\"select is_empty\" id=\"avia_5_1\"><option class=\"av-placeholder\" disabled=\"disabled\" selected=\"selected\" value=''>\u00bfQu\u00e9 necesitas?*<\/option><option   value='Climatizaci\u00f3n'>Climatizaci\u00f3n<\/option><option   value='Refrigeraci\u00f3n'>Refrigeraci\u00f3n<\/option><option   value='Aerotermia (las 2)'>Aerotermia (las 2)<\/option><\/select><\/p><p class='  first_form  form_element form_fullwidth' id='element_avia_6_1'><input  name=\"avia_6_1\" class=\"input_checkbox \" type=\"checkbox\" id=\"avia_6_1\" value=\"true\"\/><label class=\"input_checkbox_label\" for=\"avia_6_1\">Autorizo el env\u00edo de comunicaciones comerciales con novedades y promociones de productos relacionados con ELECTRICITAT BOQUET, S.L.<\/label><\/p><p class=\"hidden\"><input type=\"text\" name=\"avia_7_1\" class=\"hidden \" id=\"avia_7_1\" value=\"\" \/><\/p><p class=' av_form_privacy_check av_contact_privacy_check first_form  form_element form_fullwidth' id='element_avia_8_1'><input  name=\"avia_8_1\" class=\"input_checkbox is_empty\" type=\"checkbox\" id=\"avia_8_1\" value=\"true\"\/><label class=\"input_checkbox_label\" for=\"avia_8_1\">He le\u00eddo y acepto las condiciones contenidas en la <a href='https:\/\/boquet.cat\/politica-de-privadesa\/' target='_blank'>Pol\u00edtica de privacidad<\/a> sobre el tratamiento de mis datos para gestionar mi\nconsulta o petici\u00f3n  <abbr class=\"required\" title=\"requerido\">*<\/abbr><\/label><\/p><p class=\"form_element \"><input type=\"hidden\" value=\"1\" name=\"avia_generated_form1\" \/><input type=\"submit\" value=\"Enviar\" class=\"button\"  data-sending-label=\"Enviando\"\/><\/p><\/fieldset><\/form><div id=\"ajaxresponse_1\" class=\"ajaxresponse ajaxresponse_1 hidden\"><\/div><br \/>\n<section  class='av_textblock_section av-lwq8yz01-45032f53f4cae9fc16c226c364debbfe '   itemscope=\"itemscope\" itemtype=\"https:\/\/schema.org\/CreativeWork\" ><div class='avia_textblock'  itemprop=\"text\" ><p><small>ELECTRICITAT BOQUET, S.L. como responsable del tratamiento tratar\u00e1 tus datos con la finalidad de dar respuesta a tu consulta o petici\u00f3n. Puedes acceder, rectificar y suprimir tus datos, as\u00ed como ejercer otros derechos consultando la informaci\u00f3n adicional y detallada sobre protecci\u00f3n de datos en nuestra <a href=\"https:\/\/boquet.cat\/es\/politica-de-privadesa\/\">Pol\u00edtica de Privacidad<\/a><\/small><\/p>\n<\/div><\/section><\/p><\/div><div  class='flex_column av-7mhgg-565ef0d2bdbdd06f58141160e84b2ae4 av_one_half  avia-builder-el-6  el_after_av_one_half  el_before_av_google_map  avia-builder-el-last  flex_column_div  '     ><p>\n<style type=\"text\/css\" data-created_by=\"avia_inline_auto\" id=\"style-css-av-6vv4g-d8d00e064aac0b53b6f4cf4a31906223\">\n#top .av-special-heading.av-6vv4g-d8d00e064aac0b53b6f4cf4a31906223{\npadding-bottom:10px;\n}\nbody .av-special-heading.av-6vv4g-d8d00e064aac0b53b6f4cf4a31906223 .av-special-heading-tag .heading-char{\nfont-size:25px;\n}\n.av-special-heading.av-6vv4g-d8d00e064aac0b53b6f4cf4a31906223 .av-subheading{\nfont-size:15px;\n}\n<\/style>\n<div  class='av-special-heading av-6vv4g-d8d00e064aac0b53b6f4cf4a31906223 av-special-heading-h2 blockquote modern-quote  avia-builder-el-7  el_before_av_textblock  avia-builder-el-first '><div class='av-subheading av-subheading_above'><p>Contacto con nosotros<\/p>\n<\/div><h2 class='av-special-heading-tag '  itemprop=\"headline\"  >Nuestro equipo t\u00e9cnico estar\u00e1 encantado de ofrecerle asistencia.<\/h2><div class=\"special-heading-border\"><div class=\"special-heading-inner-border\"><\/div><\/div><\/div><br \/>\n<section  class='av_textblock_section av-1osx7k-957edd0bbae8a7de8a0ec29d20365c13 '   itemscope=\"itemscope\" itemtype=\"https:\/\/schema.org\/CreativeWork\" ><div class='avia_textblock'  itemprop=\"text\" ><p>Estamos aqu\u00ed para escucharte y ayudarte a impulsar tus proyectos con nuestras soluciones de instalaciones t\u00e9cnicas y servicios de mantenimiento integral. Si tienes alguna pregunta, necesitas m\u00e1s informaci\u00f3n o quieres iniciar una colaboraci\u00f3n, no dudes en contactar con nosotros.<\/p>\n<\/div><\/section><br \/>\n\n<style type=\"text\/css\" data-created_by=\"avia_inline_auto\" id=\"style-css-av-1mnf34-f19437325835116a47c9d669a3e2c45a\">\n#top .avia-icon-list-container.av-1mnf34-f19437325835116a47c9d669a3e2c45a .iconlist_icon{\nbackground-color:#ee7e06;\n}\n<\/style>\n<div  class='avia-icon-list-container av-1mnf34-f19437325835116a47c9d669a3e2c45a  avia-builder-el-9  el_after_av_textblock  el_before_av_heading '><ul class='avia-icon-list avia_animate_when_almost_visible avia-icon-list-left av-iconlist-big av-1mnf34-f19437325835116a47c9d669a3e2c45a avia-iconlist-animate'>\n<li><div class='iconlist_icon av-1do1vs-81a54299b0811f641c8cfc1fe333d5e5 avia-font-entypo-fontello avia-iconfont avia-font-entypo-fontello'><span class='av-icon-char' data-av_icon='\ue821' data-av_iconfont='entypo-fontello' aria-hidden=\"true\"><\/span><\/div><article class=\"article-icon-entry \"  itemscope=\"itemscope\" itemtype=\"https:\/\/schema.org\/CreativeWork\" ><div class=\"iconlist_content_wrap\"><header class=\"entry-content-header\" aria-label=\"Icon: Localizaci\u00f3n Sede Central\"><h4 class='av_iconlist_title iconlist_title  '  itemprop=\"headline\" >Localizaci\u00f3n Sede Central<\/h4><\/header><div class='iconlist_content '  itemprop=\"text\" ><p>c\/ Batista y Roca, 5-7, Bajos 08302 Matar\u00f3 (Barcelona)<\/p>\n<\/div><\/div><footer class=\"entry-footer\"><\/footer><\/article><div class=\"iconlist-timeline\"><\/div><\/li>\n<li><div class='iconlist_icon av-18rs7c-3db3d03478691bff24d814f477f9e264 avia-font-entypo-fontello avia-iconfont avia-font-entypo-fontello'><span class='av-icon-char' data-av_icon='\ue805' data-av_iconfont='entypo-fontello' aria-hidden=\"true\"><\/span><\/div><article class=\"article-icon-entry \"  itemscope=\"itemscope\" itemtype=\"https:\/\/schema.org\/CreativeWork\" ><div class=\"iconlist_content_wrap\"><header class=\"entry-content-header\" aria-label=\"Icon:  E-mail\"><h4 class='av_iconlist_title iconlist_title  '  itemprop=\"headline\" > E-mail<\/h4><\/header><div class='iconlist_content '  itemprop=\"text\" ><p>boquet@boquet.cat<\/p>\n<\/div><\/div><footer class=\"entry-footer\"><\/footer><\/article><div class=\"iconlist-timeline\"><\/div><\/li>\n<li><div class='iconlist_icon av-13yg8g-3d6eaec96efcc1f3a3e6ef90f0b42ef2 avia-font-entypo-fontello avia-iconfont avia-font-entypo-fontello'><span class='av-icon-char' data-av_icon='\ue854' data-av_iconfont='entypo-fontello' aria-hidden=\"true\"><\/span><\/div><article class=\"article-icon-entry \"  itemscope=\"itemscope\" itemtype=\"https:\/\/schema.org\/CreativeWork\" ><div class=\"iconlist_content_wrap\"><header class=\"entry-content-header\" aria-label=\"Icon: Tel\u00e9fono\"><h4 class='av_iconlist_title iconlist_title  '  itemprop=\"headline\" >Tel\u00e9fono<\/h4><\/header><div class='iconlist_content '  itemprop=\"text\" ><p>93 799 02 12<\/p>\n<\/div><\/div><footer class=\"entry-footer\"><\/footer><\/article><div class=\"iconlist-timeline\"><\/div><\/li>\n<\/ul><\/div><br \/>\n\n<style type=\"text\/css\" data-created_by=\"avia_inline_auto\" id=\"style-css-av-3cri8-4f2fb6df52b1857276d5757fbb10682e\">\n#top .av-special-heading.av-3cri8-4f2fb6df52b1857276d5757fbb10682e{\npadding-bottom:10px;\n}\nbody .av-special-heading.av-3cri8-4f2fb6df52b1857276d5757fbb10682e .av-special-heading-tag .heading-char{\nfont-size:25px;\n}\n.av-special-heading.av-3cri8-4f2fb6df52b1857276d5757fbb10682e .av-subheading{\nfont-size:15px;\n}\n<\/style>\n<div  class='av-special-heading av-3cri8-4f2fb6df52b1857276d5757fbb10682e av-special-heading-h4 blockquote modern-quote  avia-builder-el-10  el_after_av_iconlist  el_before_av_textblock '><h4 class='av-special-heading-tag '  itemprop=\"headline\"  >Horario de atenci\u00f3n<\/h4><div class=\"special-heading-border\"><div class=\"special-heading-inner-border\"><\/div><\/div><\/div><br \/>\n<section  class='av_textblock_section av-rzjw0-152ceab9fe9a6c7e9014d444239bec6d '   itemscope=\"itemscope\" itemtype=\"https:\/\/schema.org\/CreativeWork\" ><div class='avia_textblock'  itemprop=\"text\" ><p>\n<style type=\"text\/css\" data-created_by=\"avia_inline_auto\" id=\"style-css-av-kdobk-4c0eb427ab26a4946c1e3ac762b051a8\">\n.av_font_icon.av-kdobk-4c0eb427ab26a4946c1e3ac762b051a8 .av-icon-char{\nfont-size:40px;\nline-height:40px;\n}\n<\/style>\n<span  class='av_font_icon av-kdobk-4c0eb427ab26a4946c1e3ac762b051a8 avia_animate_when_visible av-icon-style- avia-icon-pos-left avia-iconfont avia-font-entypo-fontello av-no-color avia-icon-animate'><span class='av-icon-char' data-av_icon='\ue862' data-av_iconfont='entypo-fontello' aria-hidden=\"true\" ><\/span><\/span> Lunes a Viernes<br \/>\n9:00-14:00hs a 16:00-19:00hs<\/p>\n<\/div><\/section><\/p><\/div><\/p>\n<div  class='av_gmaps_sc_main_wrap av_gmaps_main_wrap '><div id='av_gmap_0' class='avia-google-map-container avia-google-map-sc av_gmaps_show_unconditionally av-no-fallback-img ' data-mapid='av_gmap_0'  style='height: 400px;'><a class=\"av_gmaps_browser_disabled av_text_confirm_link av_text_confirm_link_visible\" href=\"https:\/\/www.google.com\/maps\/search\/?api=1&#038;query=c\/%20Batista%20i%20Roca,%205-7%2008302%20%20Mataro%20Barcelona%20%20Espa\u00f1a\" target=\"_blank\">Maps were disabled by the visitor on this site. Click to open the map in a new window.<\/a><\/div><\/div>\n","protected":false},"excerpt":{"rendered":"","protected":false},"author":1,"featured_media":0,"parent":0,"menu_order":0,"comment_status":"closed","ping_status":"closed","template":"","meta":{"footnotes":""},"class_list":["post-1851","page","type-page","status-publish","hentry"],"yoast_head":"<!-- This site is optimized with the Yoast SEO plugin v27.6 - https:\/\/yoast.com\/product\/yoast-seo-wordpress\/ -->\n<title>Contacto Residenciales - Boquet<\/title>\n<meta name=\"description\" content=\"\u00bfNecesitas asesoramiento sobre energ\u00eda para tu casa? Cont\u00e1ctanos hoy mismo y descubre c\u00f3mo podemos ayudarte.\" \/>\n<meta name=\"robots\" content=\"index, follow, max-snippet:-1, max-image-preview:large, max-video-preview:-1\" \/>\n<link rel=\"canonical\" href=\"https:\/\/boquet.cat\/es\/contacto-residenciales\/\" \/>\n<meta property=\"og:locale\" content=\"es_ES\" \/>\n<meta property=\"og:type\" content=\"article\" \/>\n<meta property=\"og:title\" content=\"Contacto Residenciales - Boquet\" \/>\n<meta property=\"og:description\" content=\"\u00bfNecesitas asesoramiento sobre energ\u00eda para tu casa? Cont\u00e1ctanos hoy mismo y descubre c\u00f3mo podemos ayudarte.\" \/>\n<meta property=\"og:url\" content=\"https:\/\/boquet.cat\/es\/contacto-residenciales\/\" \/>\n<meta property=\"og:site_name\" content=\"Boquet\" \/>\n<meta property=\"article:modified_time\" content=\"2025-09-18T07:09:50+00:00\" \/>\n<meta name=\"twitter:card\" content=\"summary_large_image\" \/>\n<meta name=\"twitter:label1\" content=\"Tiempo de lectura\" \/>\n\t<meta name=\"twitter:data1\" content=\"2 minutos\" \/>\n<script type=\"application\/ld+json\" class=\"yoast-schema-graph\">{\"@context\":\"https:\\\/\\\/schema.org\",\"@graph\":[{\"@type\":\"WebPage\",\"@id\":\"https:\\\/\\\/boquet.cat\\\/es\\\/contacto-residenciales\\\/\",\"url\":\"https:\\\/\\\/boquet.cat\\\/es\\\/contacto-residenciales\\\/\",\"name\":\"Contacto Residenciales - Boquet\",\"isPartOf\":{\"@id\":\"https:\\\/\\\/boquet.cat\\\/#website\"},\"datePublished\":\"2024-01-08T11:23:54+00:00\",\"dateModified\":\"2025-09-18T07:09:50+00:00\",\"description\":\"\u00bfNecesitas asesoramiento sobre energ\u00eda para tu casa? Cont\u00e1ctanos hoy mismo y descubre c\u00f3mo podemos ayudarte.\",\"breadcrumb\":{\"@id\":\"https:\\\/\\\/boquet.cat\\\/es\\\/contacto-residenciales\\\/#breadcrumb\"},\"inLanguage\":\"es\",\"potentialAction\":[{\"@type\":\"ReadAction\",\"target\":[\"https:\\\/\\\/boquet.cat\\\/es\\\/contacto-residenciales\\\/\"]}]},{\"@type\":\"BreadcrumbList\",\"@id\":\"https:\\\/\\\/boquet.cat\\\/es\\\/contacto-residenciales\\\/#breadcrumb\",\"itemListElement\":[{\"@type\":\"ListItem\",\"position\":1,\"name\":\"Inici\",\"item\":\"https:\\\/\\\/boquet.cat\\\/es\\\/inicio\\\/\"},{\"@type\":\"ListItem\",\"position\":2,\"name\":\"Contacto Residenciales\"}]},{\"@type\":\"WebSite\",\"@id\":\"https:\\\/\\\/boquet.cat\\\/#website\",\"url\":\"https:\\\/\\\/boquet.cat\\\/\",\"name\":\"Boquet\",\"description\":\"\",\"potentialAction\":[{\"@type\":\"SearchAction\",\"target\":{\"@type\":\"EntryPoint\",\"urlTemplate\":\"https:\\\/\\\/boquet.cat\\\/?s={search_term_string}\"},\"query-input\":{\"@type\":\"PropertyValueSpecification\",\"valueRequired\":true,\"valueName\":\"search_term_string\"}}],\"inLanguage\":\"es\"}]}<\/script>\n<!-- \/ Yoast SEO plugin. -->","yoast_head_json":{"title":"Contacto Residenciales - Boquet","description":"\u00bfNecesitas asesoramiento sobre energ\u00eda para tu casa? Cont\u00e1ctanos hoy mismo y descubre c\u00f3mo podemos ayudarte.","robots":{"index":"index","follow":"follow","max-snippet":"max-snippet:-1","max-image-preview":"max-image-preview:large","max-video-preview":"max-video-preview:-1"},"canonical":"https:\/\/boquet.cat\/es\/contacto-residenciales\/","og_locale":"es_ES","og_type":"article","og_title":"Contacto Residenciales - Boquet","og_description":"\u00bfNecesitas asesoramiento sobre energ\u00eda para tu casa? Cont\u00e1ctanos hoy mismo y descubre c\u00f3mo podemos ayudarte.","og_url":"https:\/\/boquet.cat\/es\/contacto-residenciales\/","og_site_name":"Boquet","article_modified_time":"2025-09-18T07:09:50+00:00","twitter_card":"summary_large_image","twitter_misc":{"Tiempo de lectura":"2 minutos"},"schema":{"@context":"https:\/\/schema.org","@graph":[{"@type":"WebPage","@id":"https:\/\/boquet.cat\/es\/contacto-residenciales\/","url":"https:\/\/boquet.cat\/es\/contacto-residenciales\/","name":"Contacto Residenciales - Boquet","isPartOf":{"@id":"https:\/\/boquet.cat\/#website"},"datePublished":"2024-01-08T11:23:54+00:00","dateModified":"2025-09-18T07:09:50+00:00","description":"\u00bfNecesitas asesoramiento sobre energ\u00eda para tu casa? Cont\u00e1ctanos hoy mismo y descubre c\u00f3mo podemos ayudarte.","breadcrumb":{"@id":"https:\/\/boquet.cat\/es\/contacto-residenciales\/#breadcrumb"},"inLanguage":"es","potentialAction":[{"@type":"ReadAction","target":["https:\/\/boquet.cat\/es\/contacto-residenciales\/"]}]},{"@type":"BreadcrumbList","@id":"https:\/\/boquet.cat\/es\/contacto-residenciales\/#breadcrumb","itemListElement":[{"@type":"ListItem","position":1,"name":"Inici","item":"https:\/\/boquet.cat\/es\/inicio\/"},{"@type":"ListItem","position":2,"name":"Contacto Residenciales"}]},{"@type":"WebSite","@id":"https:\/\/boquet.cat\/#website","url":"https:\/\/boquet.cat\/","name":"Boquet","description":"","potentialAction":[{"@type":"SearchAction","target":{"@type":"EntryPoint","urlTemplate":"https:\/\/boquet.cat\/?s={search_term_string}"},"query-input":{"@type":"PropertyValueSpecification","valueRequired":true,"valueName":"search_term_string"}}],"inLanguage":"es"}]}},"_links":{"self":[{"href":"https:\/\/boquet.cat\/es\/wp-json\/wp\/v2\/pages\/1851","targetHints":{"allow":["GET"]}}],"collection":[{"href":"https:\/\/boquet.cat\/es\/wp-json\/wp\/v2\/pages"}],"about":[{"href":"https:\/\/boquet.cat\/es\/wp-json\/wp\/v2\/types\/page"}],"author":[{"embeddable":true,"href":"https:\/\/boquet.cat\/es\/wp-json\/wp\/v2\/users\/1"}],"replies":[{"embeddable":true,"href":"https:\/\/boquet.cat\/es\/wp-json\/wp\/v2\/comments?post=1851"}],"version-history":[{"count":0,"href":"https:\/\/boquet.cat\/es\/wp-json\/wp\/v2\/pages\/1851\/revisions"}],"wp:attachment":[{"href":"https:\/\/boquet.cat\/es\/wp-json\/wp\/v2\/media?parent=1851"}],"curies":[{"name":"wp","href":"https:\/\/api.w.org\/{rel}","templated":true}]}}