{"id":1887,"date":"2024-01-17T10:57:27","date_gmt":"2024-01-17T10:57:27","guid":{"rendered":"https:\/\/boquet.cat\/treballa-amb-nosaltres\/oferta-de-feina-administratiu\/"},"modified":"2025-09-18T08:04:03","modified_gmt":"2025-09-18T08:04:03","slug":"oferta-de-empleo-administrativo","status":"publish","type":"page","link":"https:\/\/boquet.cat\/es\/trabaja-con-nosotros\/oferta-de-empleo-administrativo\/","title":{"rendered":"Oferta de Empleo- Administrativo"},"content":{"rendered":"\n<style type=\"text\/css\" data-created_by=\"avia_inline_auto\" id=\"style-css-av-qk1v3-38f0b454413bda10bec010d89c7d74f7\">\n.avia-section.av-qk1v3-38f0b454413bda10bec010d89c7d74f7 .av-parallax .av-parallax-inner{\nbackground-repeat:no-repeat;\nbackground-image:url(https:\/\/boquet.cat\/wp-content\/uploads\/2024\/01\/pexels-donald-tong-139366.jpg);\nbackground-position:50% 100%;\nbackground-attachment:scroll;\n}\n.avia-section.av-qk1v3-38f0b454413bda10bec010d89c7d74f7 .av-section-color-overlay{\nopacity:0.6;\nbackground-color:#000000;\n}\n<\/style>\n<div id='av_section_1'  class='avia-section av-qk1v3-38f0b454413bda10bec010d89c7d74f7 main_color avia-section-default avia-no-border-styling  avia-builder-el-0  el_before_av_one_half  avia-builder-el-first  avia-full-stretch av-parallax-section avia-bg-style-parallax av-section-color-overlay-active av-minimum-height av-minimum-height-25 av-height-25  container_wrap sidebar_right'  data-section-bg-repeat='stretch' data-av_minimum_height_pc='25' data-av_min_height_opt='25'><div class='av-parallax' data-avia-parallax-ratio='0.3' ><div class='av-parallax-inner main_color avia-full-stretch'><\/div><\/div><div class=\"av-section-color-overlay-wrap\"><div class=\"av-section-color-overlay\"><\/div><div class='container av-section-cont-open' ><main  role=\"main\" itemprop=\"mainContentOfPage\"  class='template-page content  av-content-small alpha units'><div class='post-entry post-entry-type-page post-entry-1887'><div class='entry-content-wrapper clearfix'>\n<div  class='flex_column av-kqzmn-5d9dd3cc285bb43ae230592d5c2c0d14 av_one_full  avia-builder-el-1  avia-builder-el-no-sibling  first flex_column_div  '     ><style type=\"text\/css\" data-created_by=\"avia_inline_auto\" id=\"style-css-av-lrho8rm7-86edc84689a5b3c6c5ee98644cec83ce\">\n#top .av-special-heading.av-lrho8rm7-86edc84689a5b3c6c5ee98644cec83ce{\npadding-bottom:10px;\ncolor:#ffffff;\nfont-size:55px;\n}\nbody .av-special-heading.av-lrho8rm7-86edc84689a5b3c6c5ee98644cec83ce .av-special-heading-tag .heading-char{\nfont-size:25px;\n}\n#top #wrap_all .av-special-heading.av-lrho8rm7-86edc84689a5b3c6c5ee98644cec83ce .av-special-heading-tag{\nfont-size:55px;\n}\n.av-special-heading.av-lrho8rm7-86edc84689a5b3c6c5ee98644cec83ce .special-heading-inner-border{\nborder-color:#ffffff;\n}\n.av-special-heading.av-lrho8rm7-86edc84689a5b3c6c5ee98644cec83ce .av-subheading{\nfont-size:15px;\n}\n\n@media only screen and (min-width: 480px) and (max-width: 767px){ \n#top #wrap_all .av-special-heading.av-lrho8rm7-86edc84689a5b3c6c5ee98644cec83ce .av-special-heading-tag{\nfont-size:0.8em;\n}\n}\n\n@media only screen and (max-width: 479px){ \n#top #wrap_all .av-special-heading.av-lrho8rm7-86edc84689a5b3c6c5ee98644cec83ce .av-special-heading-tag{\nfont-size:0.8em;\n}\n}\n<\/style>\n<div  class='av-special-heading av-lrho8rm7-86edc84689a5b3c6c5ee98644cec83ce av-special-heading-h1 custom-color-heading blockquote modern-quote modern-centered  avia-builder-el-2  avia-builder-el-no-sibling  av-inherit-size'><h1 class='av-special-heading-tag '  itemprop=\"headline\"  >Administrativo\/va<\/h1><div class='av_custom_color av-subheading av-subheading_below'><p>Trabaja con nosotros &gt; Administrativo\/va<\/p>\n<\/div><div class=\"special-heading-border\"><div class=\"special-heading-inner-border\"><\/div><\/div><\/div><\/div>\n<\/div><\/div><\/main><!-- close content main element --><\/div><\/div><\/div><div id='after_section_1'  class='main_color av_default_container_wrap container_wrap sidebar_right'  ><div class='container av-section-cont-open' ><div class='template-page content  av-content-small alpha units'><div class='post-entry post-entry-type-page post-entry-1887'><div class='entry-content-wrapper clearfix'>\n<div  class='flex_column av-esqnz-d1a7a5edd2a0cec884c71b948ba10040 av_one_half  avia-builder-el-3  el_after_av_section  el_before_av_one_half  avia-builder-el-first  first flex_column_div  '     ><style type=\"text\/css\" data-created_by=\"avia_inline_auto\" id=\"style-css-av-lrhou80t-ec6f9b842f2840e4a2a550626affc589\">\n#top .togglecontainer.av-lrhou80t-ec6f9b842f2840e4a2a550626affc589 p.toggler .toggle_icon{\ncolor:#ee7e06;\nborder-color:#ee7e06;\n}\n#top .togglecontainer.av-lrhou80t-ec6f9b842f2840e4a2a550626affc589 p.toggler .toggle_icon > span{\ncolor:#ee7e06;\nborder-color:#ee7e06;\n}\n#top .togglecontainer.av-lrhou80t-ec6f9b842f2840e4a2a550626affc589 p.toggler.activeTitle .toggle_icon, #top .togglecontainer.av-lrhou80t-ec6f9b842f2840e4a2a550626affc589 p.toggler.activeTitle .toggle_icon > span{\ncolor:#ee7e06;\nborder-color:#ee7e06;\n}\n<\/style>\n<div  class='togglecontainer av-lrhou80t-ec6f9b842f2840e4a2a550626affc589 av-elegant-toggle  avia-builder-el-4  avia-builder-el-no-sibling  toggle_close_all' >\n<section class='av_toggle_section av-lrhoop3s-fee191aedab3e47bc8dc35bd0397c23e'  itemscope=\"itemscope\" itemtype=\"https:\/\/schema.org\/CreativeWork\" ><div role=\"tablist\" class=\"single_toggle\" data-tags=\"{Todo} \"  ><p id='toggle-toggle-id-1' data-fake-id='#toggle-id-1' class='toggler  activeTitle av-title-above '  itemprop=\"headline\"  role='tab' tabindex='0' aria-controls='toggle-id-1' data-slide-speed=\"200\" data-title=\"Tareas principales\" data-title-open=\"\" data-aria_collapsed=\"Click to expand: Tareas principales\" data-aria_expanded=\"Click to collapse: Tareas principales\">Tareas principales<span class=\"toggle_icon\"><span class=\"vert_icon\"><\/span><span class=\"hor_icon\"><\/span><\/span><\/p><div id='toggle-id-1' aria-labelledby='toggle-toggle-id-1' role='region' class='toggle_wrap  active_tc av-title-above' style='display:block;' ><div class='toggle_content invers-color '  itemprop=\"text\" ><ul>\n<li>Atenci\u00f3n telef\u00f3nica<\/li>\n<li>Gesti\u00f3n documental<\/li>\n<li>Soporte facturaci\u00f3n y reclamaci\u00f3n de cobros<\/li>\n<li>Gestionar los avisos diarios y los presupuestos aceptados<\/li>\n<li>Asientos contables<\/li>\n<li>Apoyo a Tesorer\u00eda operativa<\/li>\n<li>Validaci\u00f3n e introducci\u00f3n de documentaci\u00f3n en el sistema<\/li>\n<li>Apoyo en la creaci\u00f3n de informes<\/li>\n<li>Administraci\u00f3n, Gesti\u00f3n documental del personal<\/li>\n<li>Control del personal<\/li>\n<li>Tramitaci\u00f3n de altas\/bajas<\/li>\n<li>Control y planificaci\u00f3n de formaciones<\/li>\n<li>Archivo y reclamaciones adecuadas<\/li>\n<li>Apoyo a otras \u00e1reas cuando sea necesario<\/li>\n<\/ul>\n<\/div><\/div><\/div><\/section>\n<section class='av_toggle_section av-lrhop43z-60848f377dd8a6d690049320757010f8'  itemscope=\"itemscope\" itemtype=\"https:\/\/schema.org\/CreativeWork\" ><div role=\"tablist\" class=\"single_toggle\" data-tags=\"{Todo} \"  ><p id='toggle-toggle-id-2' data-fake-id='#toggle-id-2' class='toggler  av-title-above '  itemprop=\"headline\"  role='tab' tabindex='0' aria-controls='toggle-id-2' data-slide-speed=\"200\" data-title=\"Competencias\" data-title-open=\"\" data-aria_collapsed=\"Click to expand: Competencias\" data-aria_expanded=\"Click to collapse: Competencias\">Competencias<span class=\"toggle_icon\"><span class=\"vert_icon\"><\/span><span class=\"hor_icon\"><\/span><\/span><\/p><div id='toggle-id-2' aria-labelledby='toggle-toggle-id-2' role='region' class='toggle_wrap  av-title-above'  ><div class='toggle_content invers-color '  itemprop=\"text\" ><ul>\n<li>Actitud proactiva, resolutiva y positiva<\/li>\n<li>Persona met\u00f3dica y organizada<\/li>\n<li>Adaptabilidad a organizaci\u00f3n jer\u00e1rquica ya reportar a mando superior<\/li>\n<li>Capacidad de trabajo en equipo<\/li>\n<\/ul>\n<\/div><\/div><\/div><\/section>\n<section class='av_toggle_section av-lrhop43z-6-fe8d2f99de89c1a860215bd53fad3fba'  itemscope=\"itemscope\" itemtype=\"https:\/\/schema.org\/CreativeWork\" ><div role=\"tablist\" class=\"single_toggle\" data-tags=\"{Todo} \"  ><p id='toggle-toggle-id-3' data-fake-id='#toggle-id-3' class='toggler  av-title-above '  itemprop=\"headline\"  role='tab' tabindex='0' aria-controls='toggle-id-3' data-slide-speed=\"200\" data-title=\"Requisitos\" data-title-open=\"\" data-aria_collapsed=\"Click to expand: Requisitos\" data-aria_expanded=\"Click to collapse: Requisitos\">Requisitos<span class=\"toggle_icon\"><span class=\"vert_icon\"><\/span><span class=\"hor_icon\"><\/span><\/span><\/p><div id='toggle-id-3' aria-labelledby='toggle-toggle-id-3' role='region' class='toggle_wrap  av-title-above'  ><div class='toggle_content invers-color '  itemprop=\"text\" ><ul>\n<li>Formaci\u00f3n en Grado Medio Gesti\u00f3n Administrativa o Grado Superior en Administraci\u00f3n y Finanzas (imprescindible que la fecha de finalizaci\u00f3n no supere los 3 a\u00f1os)<\/li>\n<li>Conocimiento en ofim\u00e1tica, entorno Micorsoft (Excel, Word, Outlook)<\/li>\n<li>Cumplir los requisitos para el tipo de contrato<\/li>\n<li>Residencia en Matar\u00f3\/ cercan\u00edas<\/li>\n<\/ul>\n<\/div><\/div><\/div><\/section>\n<section class='av_toggle_section av-lrhop43z-5-f06f5b1215b250f61e68b54f60dc4ffa'  itemscope=\"itemscope\" itemtype=\"https:\/\/schema.org\/CreativeWork\" ><div role=\"tablist\" class=\"single_toggle\" data-tags=\"{Todo} \"  ><p id='toggle-toggle-id-4' data-fake-id='#toggle-id-4' class='toggler  av-title-above '  itemprop=\"headline\"  role='tab' tabindex='0' aria-controls='toggle-id-4' data-slide-speed=\"200\" data-title=\"Condiciones\" data-title-open=\"\" data-aria_collapsed=\"Click to expand: Condiciones\" data-aria_expanded=\"Click to collapse: Condiciones\">Condiciones<span class=\"toggle_icon\"><span class=\"vert_icon\"><\/span><span class=\"hor_icon\"><\/span><\/span><\/p><div id='toggle-id-4' aria-labelledby='toggle-toggle-id-4' role='region' class='toggle_wrap  av-title-above'  ><div class='toggle_content invers-color '  itemprop=\"text\" ><ul>\n<li>Contrato de pr\u00e1cticas 6m + 6m + Indefinido<\/li>\n<li>Sois convenio<\/li>\n<li>Horario partido<\/li>\n<\/ul>\n<\/div><\/div><\/div><\/section>\n<\/div><\/div>\n<div  class='flex_column av-1l2n8v-7d32205cf32629047d11b660d85e41a5 av_one_half  avia-builder-el-5  el_after_av_one_half  avia-builder-el-last  flex_column_div  '     ><p>\n<style type=\"text\/css\" data-created_by=\"avia_inline_auto\" id=\"style-css-av-1er8in-cbca5b8d5d7ea7aa6ee02aab2b5b4166\">\n#top .av-special-heading.av-1er8in-cbca5b8d5d7ea7aa6ee02aab2b5b4166{\npadding-bottom:10px;\ncolor:#000000;\n}\nbody .av-special-heading.av-1er8in-cbca5b8d5d7ea7aa6ee02aab2b5b4166 .av-special-heading-tag .heading-char{\nfont-size:25px;\n}\n.av-special-heading.av-1er8in-cbca5b8d5d7ea7aa6ee02aab2b5b4166 .special-heading-inner-border{\nborder-color:#000000;\n}\n.av-special-heading.av-1er8in-cbca5b8d5d7ea7aa6ee02aab2b5b4166 .av-subheading{\nfont-size:15px;\ncolor:#ee7e06;\n}\n<\/style>\n<div  class='av-special-heading av-1er8in-cbca5b8d5d7ea7aa6ee02aab2b5b4166 av-special-heading-h2 custom-color-heading blockquote modern-quote  avia-builder-el-6  el_before_av_textblock  avia-builder-el-first '><div class='av_custom_color av-subheading av-subheading_above'><p>\u00danete a Nuestro Equipo<\/p>\n<\/div><h2 class='av-special-heading-tag '  itemprop=\"headline\"  >Forma parte de la familia Boquet<\/h2><div class=\"special-heading-border\"><div class=\"special-heading-inner-border\"><\/div><\/div><\/div><br \/>\n<section  class='av_textblock_section av-8ngm7-9a3445f9ff704a5b4a4b3ed661fb5706 '   itemscope=\"itemscope\" itemtype=\"https:\/\/schema.org\/CreativeWork\" ><div class='avia_textblock'  itemprop=\"text\" ><p>En Boquet, buscamos talentos apasionados y dedicados para incorporarse a nuestro equipo. Si te apasiona la innovaci\u00f3n, la excelencia en el servicio y la contribuci\u00f3n a un futuro sostenible, estamos interesados \u200b\u200ben conocerte.<\/p>\n<\/div><\/section><br \/>\n<form action=\"https:\/\/boquet.cat\/es\/trabaja-con-nosotros\/oferta-de-empleo-administrativo\/\" method=\"post\" data-fields-with-error=\"Found errors in the following field(s):\" class=\"avia_ajax_form av-form-labels-hidden   avia-builder-el-8  el_after_av_textblock  el_before_av_textblock   \" data-avia-form-id=\"1\" data-avia-redirect='' ><fieldset><p class='  first_form  form_element form_fullwidth' id='element_avia_1_1'><label for=\"avia_1_1\">Nombre <abbr class=\"required\" title=\"requerido\">*<\/abbr><\/label> <input name=\"avia_1_1\" class=\"text_input is_empty\" type=\"text\" id=\"avia_1_1\" value=\"\"  placeholder='Nombre*'\/><\/p><p class='  first_form  form_element form_fullwidth' id='element_avia_2_1'><label for=\"avia_2_1\">E-mail <abbr class=\"required\" title=\"requerido\">*<\/abbr><\/label> <input name=\"avia_2_1\" class=\"text_input is_email\" type=\"text\" id=\"avia_2_1\" value=\"\"  placeholder='E-mail*'\/><\/p><p class='  first_form  form_element form_fullwidth' id='element_avia_3_1'><label for=\"avia_3_1\">Tel\u00e9fono <abbr class=\"required\" title=\"requerido\">*<\/abbr><\/label> <input name=\"avia_3_1\" class=\"text_input is_number\" type=\"text\" id=\"avia_3_1\" value=\"\"  placeholder='Tel\u00e9fono*'\/><\/p><p class='  first_form  form_element form_fullwidth' id='element_avia_4_1'><label for=\"avia_4_1\">Selecciona \u00e1rea funcional <abbr class=\"required\" title=\"requerido\">*<\/abbr><\/label><select  name=\"avia_4_1\" class=\"select is_empty\" id=\"avia_4_1\"><option class=\"av-placeholder\" disabled=\"disabled\" selected=\"selected\" value=''>Selecciona \u00e1rea funcional*<\/option><option   value='Comercial'>Comercial<\/option><option   value='T\u00e9cnica (ingenieros)'>T\u00e9cnica (ingenieros)<\/option><option   value='Operarios (fontanero \/ climatizaci\u00f3n \/ electricidad)'>Operarios (fontanero \/ climatizaci\u00f3n \/ electricidad)<\/option><option   value='Obra Civil'>Obra Civil<\/option><option   value='Compras'>Compras<\/option><option   value='Almac\u00e9n - Log\u00edstica'>Almac\u00e9n - Log\u00edstica<\/option><option   value='Administraci\u00f3n - Contabilidad'>Administraci\u00f3n - Contabilidad<\/option><option   value='Pr\u00e1cticas para estudiantes'>Pr\u00e1cticas para estudiantes<\/option><\/select><\/p><p class='  first_form  form_element form_fullwidth' id='element_avia_5_1'><label for=\"avia_5_1\" class=\"textare_label hidden textare_label_avia_5_1\">Missatge<\/label><textarea  placeholder='Missatge' name=\"avia_5_1\" class=\"text_area \" cols=\"40\" rows=\"7\" id=\"avia_5_1\" ><\/textarea><\/p><p class='  first_form  form_element form_fullwidth' id='element_avia_6_1'><input  name=\"avia_6_1\" class=\"input_checkbox \" type=\"checkbox\" id=\"avia_6_1\" value=\"true\"\/><label class=\"input_checkbox_label\" for=\"avia_6_1\">Autorizo el env\u00edo de comunicaciones comerciales con novedades y promociones de productos relacionados con ELECTRICITAT BOQUET, S.L.<\/label><\/p><p class=\"hidden\"><input type=\"text\" name=\"avia_7_1\" class=\"hidden \" id=\"avia_7_1\" value=\"\" \/><\/p><div id='avia_8_1' class='av-recaptcha-area  first_form  form_element form_fullwidth av-last-visible-form-element '  data-container_class=\"\" data-custom_class=\"\" data-context=\"av_contact_form\" data-token_input=\"av_recaptcha_token\" data-version=\"avia_recaptcha_v2\" data-theme=\"light\" data-size=\"normal\" data-score=\"0.5\" data-text_to_preview=\"\" data-value=\"\"><div class=\"av-google-badge-message hidden\">This site is protected by reCAPTCHA and the Google <a href=\"https:\/\/policies.google.com\/privacy\">Privacy Policy<\/a> and <a href=\"https:\/\/policies.google.com\/terms\">Terms of Service<\/a> apply.<\/div><\/div><p class=' av_form_privacy_check av_contact_privacy_check first_form  form_element form_fullwidth' id='element_avia_9_1'><input  name=\"avia_9_1\" class=\"input_checkbox is_empty\" type=\"checkbox\" id=\"avia_9_1\" value=\"true\"\/><label class=\"input_checkbox_label\" for=\"avia_9_1\">He le\u00eddo y acepto las condiciones contenidas en la <a href='https:\/\/boquet.cat\/politica-de-privadesa\/' target='_blank'>Pol\u00edtica de privacidad<\/a> sobre el tratamiento de mis datos para gestionar mi\nconsulta o petici\u00f3n  <abbr class=\"required\" title=\"requerido\">*<\/abbr><\/label><\/p><p class=\"form_element \"><input type=\"hidden\" value=\"1\" name=\"avia_generated_form1\" \/><input type=\"submit\" value=\"Enviar\" class=\"button\"  data-sending-label=\"Enviando\"\/><\/p><\/fieldset><div class=\"avia-disabled-form\">Este formulario de contacto est\u00e1 desactivado porque rechazaste aceptar el servicio de Google reCaptcha, que es necesario para validar los mensajes enviados a trav\u00e9s del formulario.<\/div><\/form><div id=\"ajaxresponse_1\" class=\"ajaxresponse ajaxresponse_1 hidden\"><\/div><br \/>\n<section  class='av_textblock_section av-lwqaj4p2-7714c8f56c294b488c2145bf24032228 '   itemscope=\"itemscope\" itemtype=\"https:\/\/schema.org\/CreativeWork\" ><div class='avia_textblock'  itemprop=\"text\" ><p><small>ELECTRICITAT BOQUET, S.L. como responsable del tratamiento tratar\u00e1 tus datos con la finalidad de dar respuesta a tu consulta o petici\u00f3n. Puedes acceder, rectificar y suprimir tus datos, as\u00ed como ejercer otros derechos consultando la informaci\u00f3n adicional y detallada sobre protecci\u00f3n de datos en nuestra <a href=\"https:\/\/boquet.cat\/es\/politica-de-privadesa\/\">Pol\u00edtica de Privacidad<\/a><\/small><\/p>\n<\/div><\/section><\/p><\/div>\n","protected":false},"excerpt":{"rendered":"","protected":false},"author":1,"featured_media":0,"parent":1883,"menu_order":0,"comment_status":"closed","ping_status":"closed","template":"","meta":{"footnotes":""},"class_list":["post-1887","page","type-page","status-publish","hentry"],"yoast_head":"<!-- This site is optimized with the Yoast SEO plugin v27.4 - https:\/\/yoast.com\/product\/yoast-seo-wordpress\/ -->\n<title>Oferta de Empleo- Administrativo - Boquet<\/title>\n<meta name=\"description\" content=\"\u00bfTienes habilidades administrativas? \u00danete a nuestro equipo como administrativo y contribuye al \u00e9xito de nuestra empresa. \u00a1Aplica ahora!\" \/>\n<meta name=\"robots\" content=\"index, follow, max-snippet:-1, max-image-preview:large, max-video-preview:-1\" \/>\n<link rel=\"canonical\" href=\"https:\/\/boquet.cat\/es\/trabaja-con-nosotros\/oferta-de-empleo-administrativo\/\" \/>\n<meta property=\"og:locale\" content=\"es_ES\" \/>\n<meta property=\"og:type\" content=\"article\" \/>\n<meta property=\"og:title\" content=\"Oferta de Empleo- Administrativo - Boquet\" \/>\n<meta property=\"og:description\" content=\"\u00bfTienes habilidades administrativas? \u00danete a nuestro equipo como administrativo y contribuye al \u00e9xito de nuestra empresa. \u00a1Aplica ahora!\" \/>\n<meta property=\"og:url\" content=\"https:\/\/boquet.cat\/es\/trabaja-con-nosotros\/oferta-de-empleo-administrativo\/\" \/>\n<meta property=\"og:site_name\" content=\"Boquet\" \/>\n<meta property=\"article:modified_time\" content=\"2025-09-18T08:04:03+00:00\" \/>\n<meta name=\"twitter:card\" content=\"summary_large_image\" \/>\n<meta name=\"twitter:label1\" content=\"Tiempo de lectura\" \/>\n\t<meta name=\"twitter:data1\" content=\"2 minutos\" \/>\n<script type=\"application\/ld+json\" class=\"yoast-schema-graph\">{\"@context\":\"https:\\\/\\\/schema.org\",\"@graph\":[{\"@type\":\"WebPage\",\"@id\":\"https:\\\/\\\/boquet.cat\\\/es\\\/trabaja-con-nosotros\\\/oferta-de-empleo-administrativo\\\/\",\"url\":\"https:\\\/\\\/boquet.cat\\\/es\\\/trabaja-con-nosotros\\\/oferta-de-empleo-administrativo\\\/\",\"name\":\"Oferta de Empleo- Administrativo - Boquet\",\"isPartOf\":{\"@id\":\"https:\\\/\\\/boquet.cat\\\/#website\"},\"datePublished\":\"2024-01-17T10:57:27+00:00\",\"dateModified\":\"2025-09-18T08:04:03+00:00\",\"description\":\"\u00bfTienes habilidades administrativas? \u00danete a nuestro equipo como administrativo y contribuye al \u00e9xito de nuestra empresa. \u00a1Aplica ahora!\",\"breadcrumb\":{\"@id\":\"https:\\\/\\\/boquet.cat\\\/es\\\/trabaja-con-nosotros\\\/oferta-de-empleo-administrativo\\\/#breadcrumb\"},\"inLanguage\":\"es\",\"potentialAction\":[{\"@type\":\"ReadAction\",\"target\":[\"https:\\\/\\\/boquet.cat\\\/es\\\/trabaja-con-nosotros\\\/oferta-de-empleo-administrativo\\\/\"]}]},{\"@type\":\"BreadcrumbList\",\"@id\":\"https:\\\/\\\/boquet.cat\\\/es\\\/trabaja-con-nosotros\\\/oferta-de-empleo-administrativo\\\/#breadcrumb\",\"itemListElement\":[{\"@type\":\"ListItem\",\"position\":1,\"name\":\"Inici\",\"item\":\"https:\\\/\\\/boquet.cat\\\/es\\\/inicio\\\/\"},{\"@type\":\"ListItem\",\"position\":2,\"name\":\"Trabaja con nosotros\",\"item\":\"https:\\\/\\\/boquet.cat\\\/es\\\/trabaja-con-nosotros\\\/\"},{\"@type\":\"ListItem\",\"position\":3,\"name\":\"Oferta de Empleo- Administrativo\"}]},{\"@type\":\"WebSite\",\"@id\":\"https:\\\/\\\/boquet.cat\\\/#website\",\"url\":\"https:\\\/\\\/boquet.cat\\\/\",\"name\":\"Boquet\",\"description\":\"\",\"potentialAction\":[{\"@type\":\"SearchAction\",\"target\":{\"@type\":\"EntryPoint\",\"urlTemplate\":\"https:\\\/\\\/boquet.cat\\\/?s={search_term_string}\"},\"query-input\":{\"@type\":\"PropertyValueSpecification\",\"valueRequired\":true,\"valueName\":\"search_term_string\"}}],\"inLanguage\":\"es\"}]}<\/script>\n<!-- \/ Yoast SEO plugin. -->","yoast_head_json":{"title":"Oferta de Empleo- Administrativo - Boquet","description":"\u00bfTienes habilidades administrativas? \u00danete a nuestro equipo como administrativo y contribuye al \u00e9xito de nuestra empresa. \u00a1Aplica ahora!","robots":{"index":"index","follow":"follow","max-snippet":"max-snippet:-1","max-image-preview":"max-image-preview:large","max-video-preview":"max-video-preview:-1"},"canonical":"https:\/\/boquet.cat\/es\/trabaja-con-nosotros\/oferta-de-empleo-administrativo\/","og_locale":"es_ES","og_type":"article","og_title":"Oferta de Empleo- Administrativo - Boquet","og_description":"\u00bfTienes habilidades administrativas? \u00danete a nuestro equipo como administrativo y contribuye al \u00e9xito de nuestra empresa. \u00a1Aplica ahora!","og_url":"https:\/\/boquet.cat\/es\/trabaja-con-nosotros\/oferta-de-empleo-administrativo\/","og_site_name":"Boquet","article_modified_time":"2025-09-18T08:04:03+00:00","twitter_card":"summary_large_image","twitter_misc":{"Tiempo de lectura":"2 minutos"},"schema":{"@context":"https:\/\/schema.org","@graph":[{"@type":"WebPage","@id":"https:\/\/boquet.cat\/es\/trabaja-con-nosotros\/oferta-de-empleo-administrativo\/","url":"https:\/\/boquet.cat\/es\/trabaja-con-nosotros\/oferta-de-empleo-administrativo\/","name":"Oferta de Empleo- Administrativo - Boquet","isPartOf":{"@id":"https:\/\/boquet.cat\/#website"},"datePublished":"2024-01-17T10:57:27+00:00","dateModified":"2025-09-18T08:04:03+00:00","description":"\u00bfTienes habilidades administrativas? \u00danete a nuestro equipo como administrativo y contribuye al \u00e9xito de nuestra empresa. \u00a1Aplica ahora!","breadcrumb":{"@id":"https:\/\/boquet.cat\/es\/trabaja-con-nosotros\/oferta-de-empleo-administrativo\/#breadcrumb"},"inLanguage":"es","potentialAction":[{"@type":"ReadAction","target":["https:\/\/boquet.cat\/es\/trabaja-con-nosotros\/oferta-de-empleo-administrativo\/"]}]},{"@type":"BreadcrumbList","@id":"https:\/\/boquet.cat\/es\/trabaja-con-nosotros\/oferta-de-empleo-administrativo\/#breadcrumb","itemListElement":[{"@type":"ListItem","position":1,"name":"Inici","item":"https:\/\/boquet.cat\/es\/inicio\/"},{"@type":"ListItem","position":2,"name":"Trabaja con nosotros","item":"https:\/\/boquet.cat\/es\/trabaja-con-nosotros\/"},{"@type":"ListItem","position":3,"name":"Oferta de Empleo- Administrativo"}]},{"@type":"WebSite","@id":"https:\/\/boquet.cat\/#website","url":"https:\/\/boquet.cat\/","name":"Boquet","description":"","potentialAction":[{"@type":"SearchAction","target":{"@type":"EntryPoint","urlTemplate":"https:\/\/boquet.cat\/?s={search_term_string}"},"query-input":{"@type":"PropertyValueSpecification","valueRequired":true,"valueName":"search_term_string"}}],"inLanguage":"es"}]}},"_links":{"self":[{"href":"https:\/\/boquet.cat\/es\/wp-json\/wp\/v2\/pages\/1887","targetHints":{"allow":["GET"]}}],"collection":[{"href":"https:\/\/boquet.cat\/es\/wp-json\/wp\/v2\/pages"}],"about":[{"href":"https:\/\/boquet.cat\/es\/wp-json\/wp\/v2\/types\/page"}],"author":[{"embeddable":true,"href":"https:\/\/boquet.cat\/es\/wp-json\/wp\/v2\/users\/1"}],"replies":[{"embeddable":true,"href":"https:\/\/boquet.cat\/es\/wp-json\/wp\/v2\/comments?post=1887"}],"version-history":[{"count":0,"href":"https:\/\/boquet.cat\/es\/wp-json\/wp\/v2\/pages\/1887\/revisions"}],"up":[{"embeddable":true,"href":"https:\/\/boquet.cat\/es\/wp-json\/wp\/v2\/pages\/1883"}],"wp:attachment":[{"href":"https:\/\/boquet.cat\/es\/wp-json\/wp\/v2\/media?parent=1887"}],"curies":[{"name":"wp","href":"https:\/\/api.w.org\/{rel}","templated":true}]}}