{"id":1891,"date":"2024-01-17T11:41:17","date_gmt":"2024-01-17T11:41:17","guid":{"rendered":"https:\/\/boquet.cat\/treballa-amb-nosaltres\/oferta-feina-frigorista\/"},"modified":"2025-09-18T09:01:06","modified_gmt":"2025-09-18T09:01:06","slug":"oferta-empleo-frigorista","status":"publish","type":"page","link":"https:\/\/boquet.cat\/es\/trabaja-con-nosotros\/oferta-empleo-frigorista\/","title":{"rendered":"Oferta Empleo &#8211; Frigorista"},"content":{"rendered":"\n<style type=\"text\/css\" data-created_by=\"avia_inline_auto\" id=\"style-css-av-21c0k3-87431a5e6d01a3838d46e0022a27ecda\">\n.avia-section.av-21c0k3-87431a5e6d01a3838d46e0022a27ecda .av-parallax .av-parallax-inner{\nbackground-repeat:no-repeat;\nbackground-image:url(https:\/\/boquet.cat\/wp-content\/uploads\/2024\/01\/pexels-donald-tong-139366.jpg);\nbackground-position:50% 100%;\nbackground-attachment:scroll;\n}\n.avia-section.av-21c0k3-87431a5e6d01a3838d46e0022a27ecda .av-section-color-overlay{\nopacity:0.6;\nbackground-color:#000000;\n}\n<\/style>\n<div id='av_section_1'  class='avia-section av-21c0k3-87431a5e6d01a3838d46e0022a27ecda main_color avia-section-default avia-no-border-styling  avia-builder-el-0  el_before_av_one_half  avia-builder-el-first  avia-full-stretch av-parallax-section avia-bg-style-parallax av-section-color-overlay-active av-minimum-height av-minimum-height-25 av-height-25  container_wrap sidebar_right'  data-section-bg-repeat='stretch' data-av_minimum_height_pc='25' data-av_min_height_opt='25'><div class='av-parallax' data-avia-parallax-ratio='0.3' ><div class='av-parallax-inner main_color avia-full-stretch'><\/div><\/div><div class=\"av-section-color-overlay-wrap\"><div class=\"av-section-color-overlay\"><\/div><div class='container av-section-cont-open' ><main  role=\"main\" itemprop=\"mainContentOfPage\"  class='template-page content  av-content-small alpha units'><div class='post-entry post-entry-type-page post-entry-1891'><div class='entry-content-wrapper clearfix'>\n<div  class='flex_column av-1unbfn-cafac1c1da07fdeba089d568411da34e av_one_full  avia-builder-el-1  avia-builder-el-no-sibling  first flex_column_div  '     ><style type=\"text\/css\" data-created_by=\"avia_inline_auto\" id=\"style-css-av-lrhpoka7-e3dc13fb97896338f99dcf4d96678dc8\">\n#top .av-special-heading.av-lrhpoka7-e3dc13fb97896338f99dcf4d96678dc8{\npadding-bottom:10px;\ncolor:#ffffff;\nfont-size:55px;\n}\nbody .av-special-heading.av-lrhpoka7-e3dc13fb97896338f99dcf4d96678dc8 .av-special-heading-tag .heading-char{\nfont-size:25px;\n}\n#top #wrap_all .av-special-heading.av-lrhpoka7-e3dc13fb97896338f99dcf4d96678dc8 .av-special-heading-tag{\nfont-size:55px;\n}\n.av-special-heading.av-lrhpoka7-e3dc13fb97896338f99dcf4d96678dc8 .special-heading-inner-border{\nborder-color:#ffffff;\n}\n.av-special-heading.av-lrhpoka7-e3dc13fb97896338f99dcf4d96678dc8 .av-subheading{\nfont-size:15px;\n}\n\n@media only screen and (min-width: 480px) and (max-width: 767px){ \n#top #wrap_all .av-special-heading.av-lrhpoka7-e3dc13fb97896338f99dcf4d96678dc8 .av-special-heading-tag{\nfont-size:0.8em;\n}\n}\n\n@media only screen and (max-width: 479px){ \n#top #wrap_all .av-special-heading.av-lrhpoka7-e3dc13fb97896338f99dcf4d96678dc8 .av-special-heading-tag{\nfont-size:0.8em;\n}\n}\n<\/style>\n<div  class='av-special-heading av-lrhpoka7-e3dc13fb97896338f99dcf4d96678dc8 av-special-heading-h1 custom-color-heading blockquote modern-quote modern-centered  avia-builder-el-2  avia-builder-el-no-sibling  av-inherit-size'><h1 class='av-special-heading-tag '  itemprop=\"headline\"  >Frigorista especializado\/a en Climatizaci\u00f3n y Refrigeraci\u00f3n Industrial<\/h1><div class='av_custom_color av-subheading av-subheading_below'><p>Trabaja con nosotros &gt; Frigorista<\/p>\n<\/div><div class=\"special-heading-border\"><div class=\"special-heading-inner-border\"><\/div><\/div><\/div><\/div>\n<\/div><\/div><\/main><!-- close content main element --><\/div><\/div><\/div><div id='after_section_1'  class='main_color av_default_container_wrap container_wrap sidebar_right'  ><div class='container av-section-cont-open' ><div class='template-page content  av-content-small alpha units'><div class='post-entry post-entry-type-page post-entry-1891'><div class='entry-content-wrapper clearfix'>\n<div  class='flex_column av-1tcpyr-9bc9a6f154d538ccbe784ce83c073b90 av_one_half  avia-builder-el-3  el_after_av_section  el_before_av_one_half  avia-builder-el-first  first flex_column_div  '     ><style type=\"text\/css\" data-created_by=\"avia_inline_auto\" id=\"style-css-av-lrhppffy-4ac9204bd765f9948d269edc7087e5d9\">\n#top .togglecontainer.av-lrhppffy-4ac9204bd765f9948d269edc7087e5d9 p.toggler .toggle_icon{\ncolor:#ee7e06;\nborder-color:#ee7e06;\n}\n#top .togglecontainer.av-lrhppffy-4ac9204bd765f9948d269edc7087e5d9 p.toggler .toggle_icon > span{\ncolor:#ee7e06;\nborder-color:#ee7e06;\n}\n#top .togglecontainer.av-lrhppffy-4ac9204bd765f9948d269edc7087e5d9 p.toggler.activeTitle .toggle_icon, #top .togglecontainer.av-lrhppffy-4ac9204bd765f9948d269edc7087e5d9 p.toggler.activeTitle .toggle_icon > span{\ncolor:#ee7e06;\nborder-color:#ee7e06;\n}\n<\/style>\n<div  class='togglecontainer av-lrhppffy-4ac9204bd765f9948d269edc7087e5d9 av-elegant-toggle  avia-builder-el-4  avia-builder-el-no-sibling  toggle_close_all' >\n<section class='av_toggle_section av-lrhpow13-e10b2d62a3cf450e9e911d52d30aa182'  itemscope=\"itemscope\" itemtype=\"https:\/\/schema.org\/CreativeWork\" ><div role=\"tablist\" class=\"single_toggle\" data-tags=\"{Todo} \"  ><p id='toggle-toggle-id-1' data-fake-id='#toggle-id-1' class='toggler  activeTitle av-title-above '  itemprop=\"headline\"  role='tab' tabindex='0' aria-controls='toggle-id-1' data-slide-speed=\"200\" data-title=\"Tareas principales\" data-title-open=\"\" data-aria_collapsed=\"Click to expand: Tareas principales\" data-aria_expanded=\"Click to collapse: Tareas principales\">Tareas principales<span class=\"toggle_icon\"><span class=\"vert_icon\"><\/span><span class=\"hor_icon\"><\/span><\/span><\/p><div id='toggle-id-1' aria-labelledby='toggle-toggle-id-1' role='region' class='toggle_wrap  active_tc av-title-above' style='display:block;' ><div class='toggle_content invers-color '  itemprop=\"text\" ><ul>\n<li>Instalaci\u00f3n y puesta en marcha de distintas tecnolog\u00edas; expansi\u00f3n directa (1*1 \/ Multi \/ VRF 2t y 3t) y equipos centralizados compresores alternativos\/scroll\/tornillo.<\/li>\n<li>Instalaci\u00f3n de aparatos de climatizaci\u00f3n (aparatos aire-aire\/aire-agua\/agua-agua).<\/li>\n<li>Instalaciones industriales de electricidad.<\/li>\n<li>Realizar el mantenimiento preventivo y correctivo de las citadas instalaciones.<\/li>\n<\/ul>\n<\/div><\/div><\/div><\/section>\n<section class='av_toggle_section av-lrhpp2ai-3b098eed163f8be72e9a051b11949fe3'  itemscope=\"itemscope\" itemtype=\"https:\/\/schema.org\/CreativeWork\" ><div role=\"tablist\" class=\"single_toggle\" data-tags=\"{Todo} \"  ><p id='toggle-toggle-id-2' data-fake-id='#toggle-id-2' class='toggler  av-title-above '  itemprop=\"headline\"  role='tab' tabindex='0' aria-controls='toggle-id-2' data-slide-speed=\"200\" data-title=\"Competencias\" data-title-open=\"\" data-aria_collapsed=\"Click to expand: Competencias\" data-aria_expanded=\"Click to collapse: Competencias\">Competencias<span class=\"toggle_icon\"><span class=\"vert_icon\"><\/span><span class=\"hor_icon\"><\/span><\/span><\/p><div id='toggle-id-2' aria-labelledby='toggle-toggle-id-2' role='region' class='toggle_wrap  av-title-above'  ><div class='toggle_content invers-color '  itemprop=\"text\" ><ul>\n<li>Capacidad de diagn\u00f3stico de aver\u00edas y soluci\u00f3n<\/li>\n<li>Planificaci\u00f3n y dise\u00f1o de las instalaciones<\/li>\n<li>Interpretaci\u00f3n de planos<\/li>\n<li>Manejo de las herramientas o equipos de medida<\/li>\n<li>Formaci\u00f3n en PRL<\/li>\n<li>Actitud proactiva, resolutiva y positiva<\/li>\n<li>Adaptabilidad a organizaci\u00f3n jer\u00e1rquica ya reportar a mando superior<\/li>\n<li>Capacidad de trabajo en equipo<\/li>\n<\/ul>\n<\/div><\/div><\/div><\/section>\n<section class='av_toggle_section av-lrhpp81n-fa3dd048507a49d202cd0e78ed313481'  itemscope=\"itemscope\" itemtype=\"https:\/\/schema.org\/CreativeWork\" ><div role=\"tablist\" class=\"single_toggle\" data-tags=\"{Todo} \"  ><p id='toggle-toggle-id-3' data-fake-id='#toggle-id-3' class='toggler  av-title-above '  itemprop=\"headline\"  role='tab' tabindex='0' aria-controls='toggle-id-3' data-slide-speed=\"200\" data-title=\"Requisitos\" data-title-open=\"\" data-aria_collapsed=\"Click to expand: Requisitos\" data-aria_expanded=\"Click to collapse: Requisitos\">Requisitos<span class=\"toggle_icon\"><span class=\"vert_icon\"><\/span><span class=\"hor_icon\"><\/span><\/span><\/p><div id='toggle-id-3' aria-labelledby='toggle-toggle-id-3' role='region' class='toggle_wrap  av-title-above'  ><div class='toggle_content invers-color '  itemprop=\"text\" ><ul>\n<li>Carn\u00e9 de Frigorista<\/li>\n<li>RITE<\/li>\n<li>Manipulador de Gases fluorados de sistemas frigor\u00edficos de cualquier carga<\/li>\n<li>Catal\u00e1n y castellano hablado y escrito<\/li>\n<li>Carn\u00e9 de Conducir B<\/li>\n<\/ul>\n<\/div><\/div><\/div><\/section>\n<section class='av_toggle_section av-lrhppe55-a7e129d1c4a6249440823ade2abc3113'  itemscope=\"itemscope\" itemtype=\"https:\/\/schema.org\/CreativeWork\" ><div role=\"tablist\" class=\"single_toggle\" data-tags=\"{Todo} \"  ><p id='toggle-toggle-id-4' data-fake-id='#toggle-id-4' class='toggler  av-title-above '  itemprop=\"headline\"  role='tab' tabindex='0' aria-controls='toggle-id-4' data-slide-speed=\"200\" data-title=\"Condiciones\" data-title-open=\"\" data-aria_collapsed=\"Click to expand: Condiciones\" data-aria_expanded=\"Click to collapse: Condiciones\">Condiciones<span class=\"toggle_icon\"><span class=\"vert_icon\"><\/span><span class=\"hor_icon\"><\/span><\/span><\/p><div id='toggle-id-4' aria-labelledby='toggle-toggle-id-4' role='region' class='toggle_wrap  av-title-above'  ><div class='toggle_content invers-color '  itemprop=\"text\" ><ul>\n<li>Contrato laboral indefinido.<\/li>\n<li>Trabajar\u00e1 en las comarcas de Maresme, Vall\u00e8s y Barcelon\u00e9s.<\/li>\n<li>Retribuci\u00f3n seg\u00fan convenio<\/li>\n<li>Horario intensivo.<\/li>\n<\/ul>\n<\/div><\/div><\/div><\/section>\n<\/div><\/div>\n<div  class='flex_column av-1iy2b7-9257da966f514695ee8cfbfac0e91130 av_one_half  avia-builder-el-5  el_after_av_one_half  avia-builder-el-last  flex_column_div  '     ><p>\n<style type=\"text\/css\" data-created_by=\"avia_inline_auto\" id=\"style-css-av-1h8eej-10e33b1d3963bc19596798bb103296b1\">\n#top .av-special-heading.av-1h8eej-10e33b1d3963bc19596798bb103296b1{\npadding-bottom:10px;\ncolor:#000000;\n}\nbody .av-special-heading.av-1h8eej-10e33b1d3963bc19596798bb103296b1 .av-special-heading-tag .heading-char{\nfont-size:25px;\n}\n.av-special-heading.av-1h8eej-10e33b1d3963bc19596798bb103296b1 .special-heading-inner-border{\nborder-color:#000000;\n}\n.av-special-heading.av-1h8eej-10e33b1d3963bc19596798bb103296b1 .av-subheading{\nfont-size:15px;\ncolor:#ee7e06;\n}\n<\/style>\n<div  class='av-special-heading av-1h8eej-10e33b1d3963bc19596798bb103296b1 av-special-heading-h2 custom-color-heading blockquote modern-quote  avia-builder-el-6  el_before_av_textblock  avia-builder-el-first '><div class='av_custom_color av-subheading av-subheading_above'><p>\u00danete a Nuestro Equipo<\/p>\n<\/div><h2 class='av-special-heading-tag '  itemprop=\"headline\"  >Forma parte de la familia Boquet<\/h2><div class=\"special-heading-border\"><div class=\"special-heading-inner-border\"><\/div><\/div><\/div><br \/>\n<section  class='av_textblock_section av-9svd7-9920e87f526386b5eed21fbfb1115ed6 '   itemscope=\"itemscope\" itemtype=\"https:\/\/schema.org\/CreativeWork\" ><div class='avia_textblock'  itemprop=\"text\" ><p>En Boquet, buscamos talentos apasionados y dedicados para incorporarse a nuestro equipo. Si te apasiona la innovaci\u00f3n, la excelencia en el servicio y la contribuci\u00f3n a un futuro sostenible, estamos interesados \u200b\u200ben conocerte.<\/p>\n<\/div><\/section><br \/>\n<form action=\"https:\/\/boquet.cat\/es\/trabaja-con-nosotros\/oferta-empleo-frigorista\/\" method=\"post\" data-fields-with-error=\"Found errors in the following field(s):\" class=\"avia_ajax_form av-form-labels-hidden   avia-builder-el-8  el_after_av_textblock  el_before_av_textblock   \" data-avia-form-id=\"1\" data-avia-redirect='' ><fieldset><p class='  first_form  form_element form_fullwidth' id='element_avia_1_1'><label for=\"avia_1_1\">Nom <abbr class=\"required\" title=\"requerido\">*<\/abbr><\/label> <input name=\"avia_1_1\" class=\"text_input is_empty\" type=\"text\" id=\"avia_1_1\" value=\"\"  placeholder='Nom*'\/><\/p><p class='  first_form  form_element form_fullwidth' id='element_avia_2_1'><label for=\"avia_2_1\">Correu electr\u00f2nic <abbr class=\"required\" title=\"requerido\">*<\/abbr><\/label> <input name=\"avia_2_1\" class=\"text_input is_email\" type=\"text\" id=\"avia_2_1\" value=\"\"  placeholder='Correu electr\u00f2nic*'\/><\/p><p class='  first_form  form_element form_fullwidth' id='element_avia_3_1'><label for=\"avia_3_1\">Tel\u00e8fon <abbr class=\"required\" title=\"requerido\">*<\/abbr><\/label> <input name=\"avia_3_1\" class=\"text_input is_number\" type=\"text\" id=\"avia_3_1\" value=\"\"  placeholder='Tel\u00e8fon*'\/><\/p><p class='  first_form  form_element form_fullwidth' id='element_avia_4_1'><label for=\"avia_4_1\">Selecciona \u00e0rea funcional <abbr class=\"required\" title=\"requerido\">*<\/abbr><\/label><select  name=\"avia_4_1\" class=\"select is_empty\" id=\"avia_4_1\"><option class=\"av-placeholder\" disabled=\"disabled\" selected=\"selected\" value=''>Selecciona \u00e0rea funcional*<\/option><option   value='Comercial'>Comercial<\/option><option   value='T\u00e8cnica (enginyers)'>T\u00e8cnica (enginyers)<\/option><option   value='Operaris (lampista \/ climatitzaci\u00f3 \/ electricitat)'>Operaris (lampista \/ climatitzaci\u00f3 \/ electricitat)<\/option><option   value='Obra Civil'>Obra Civil<\/option><option   value='Compres'>Compres<\/option><option   value='Magatzem - Log\u00edstica'>Magatzem - Log\u00edstica<\/option><option   value='Administraci\u00f3 - Comptabilitat'>Administraci\u00f3 - Comptabilitat<\/option><option   value='Pr\u00e0ctiques per estudiants'>Pr\u00e0ctiques per estudiants<\/option><\/select><\/p><p class='  first_form  form_element form_fullwidth' id='element_avia_5_1'><label for=\"avia_5_1\" class=\"textare_label hidden textare_label_avia_5_1\">Missatge<\/label><textarea  placeholder='Missatge' name=\"avia_5_1\" class=\"text_area \" cols=\"40\" rows=\"7\" id=\"avia_5_1\" ><\/textarea><\/p><p class='  first_form  form_element form_fullwidth' id='element_avia_6_1'><input  name=\"avia_6_1\" class=\"input_checkbox \" type=\"checkbox\" id=\"avia_6_1\" value=\"true\"\/><label class=\"input_checkbox_label\" for=\"avia_6_1\">Autorizo el env\u00edo de comunicaciones comerciales con novedades y promociones de productos relacionados con ELECTRICITAT BOQUET, S.L.<\/label><\/p><p class=\"hidden\"><input type=\"text\" name=\"avia_7_1\" class=\"hidden \" id=\"avia_7_1\" value=\"\" \/><\/p><div id='avia_8_1' class='av-recaptcha-area  first_form  form_element form_fullwidth av-last-visible-form-element '  data-container_class=\"\" data-custom_class=\"\" data-context=\"av_contact_form\" data-token_input=\"av_recaptcha_token\" data-version=\"avia_recaptcha_v2\" data-theme=\"light\" data-size=\"normal\" data-score=\"0.5\" data-text_to_preview=\"\" data-value=\"\"><div class=\"av-google-badge-message hidden\">This site is protected by reCAPTCHA and the Google <a href=\"https:\/\/policies.google.com\/privacy\">Privacy Policy<\/a> and <a href=\"https:\/\/policies.google.com\/terms\">Terms of Service<\/a> apply.<\/div><\/div><p class=' av_form_privacy_check av_contact_privacy_check first_form  form_element form_fullwidth' id='element_avia_9_1'><input  name=\"avia_9_1\" class=\"input_checkbox is_empty\" type=\"checkbox\" id=\"avia_9_1\" value=\"true\"\/><label class=\"input_checkbox_label\" for=\"avia_9_1\">He le\u00eddo y acepto las condiciones contenidas en la <a href='https:\/\/boquet.cat\/politica-de-privadesa\/' target='_blank'>Pol\u00edtica de privacidad<\/a> sobre el tratamiento de mis datos para gestionar mi\nconsulta o petici\u00f3n  <abbr class=\"required\" title=\"requerido\">*<\/abbr><\/label><\/p><p class=\"form_element \"><input type=\"hidden\" value=\"1\" name=\"avia_generated_form1\" \/><input type=\"submit\" value=\"Enviar\" class=\"button\"  data-sending-label=\"Enviando\"\/><\/p><\/fieldset><div class=\"avia-disabled-form\">Este formulario de contacto est\u00e1 desactivado porque rechazaste aceptar el servicio de Google reCaptcha, que es necesario para validar los mensajes enviados a trav\u00e9s del formulario.<\/div><\/form><div id=\"ajaxresponse_1\" class=\"ajaxresponse ajaxresponse_1 hidden\"><\/div><br \/>\n<section  class='av_textblock_section av-lwqaw847-61c85b571214aa8752303d84b3cc1351 '   itemscope=\"itemscope\" itemtype=\"https:\/\/schema.org\/CreativeWork\" ><div class='avia_textblock'  itemprop=\"text\" ><p><small>ELECTRICITAT BOQUET, S.L. como responsable del tratamiento tratar\u00e1 tus datos con la finalidad de dar respuesta a tu consulta o petici\u00f3n. Puedes acceder, rectificar y suprimir tus datos, as\u00ed como ejercer otros derechos consultando la informaci\u00f3n adicional y detallada sobre protecci\u00f3n de datos en nuestra <a href=\"https:\/\/boquet.cat\/es\/politica-de-privadesa\/\">Pol\u00edtica de Privacidad<\/a><\/small><\/p>\n<\/div><\/section><\/p><\/div>\n","protected":false},"excerpt":{"rendered":"","protected":false},"author":1,"featured_media":0,"parent":1883,"menu_order":0,"comment_status":"closed","ping_status":"closed","template":"","meta":{"footnotes":""},"class_list":["post-1891","page","type-page","status-publish","hentry"],"yoast_head":"<!-- This site is optimized with the Yoast SEO plugin v27.4 - https:\/\/yoast.com\/product\/yoast-seo-wordpress\/ -->\n<title>Oferta Empleo - Frigorista - Boquet<\/title>\n<meta name=\"description\" content=\"\u00a1\u00danete a nuestro equipo como frigorista! Excelente oportunidad para crecer profesionalmente en una empresa l\u00edder en el sector. \u00a1Aplica ahora!\" \/>\n<meta name=\"robots\" content=\"index, follow, max-snippet:-1, max-image-preview:large, max-video-preview:-1\" \/>\n<link rel=\"canonical\" href=\"https:\/\/boquet.cat\/es\/trabaja-con-nosotros\/oferta-empleo-frigorista\/\" \/>\n<meta property=\"og:locale\" content=\"es_ES\" \/>\n<meta property=\"og:type\" content=\"article\" \/>\n<meta property=\"og:title\" content=\"Oferta Empleo - Frigorista - Boquet\" \/>\n<meta property=\"og:description\" content=\"\u00a1\u00danete a nuestro equipo como frigorista! Excelente oportunidad para crecer profesionalmente en una empresa l\u00edder en el sector. \u00a1Aplica ahora!\" \/>\n<meta property=\"og:url\" content=\"https:\/\/boquet.cat\/es\/trabaja-con-nosotros\/oferta-empleo-frigorista\/\" \/>\n<meta property=\"og:site_name\" content=\"Boquet\" \/>\n<meta property=\"article:modified_time\" content=\"2025-09-18T09:01:06+00:00\" \/>\n<meta name=\"twitter:card\" content=\"summary_large_image\" \/>\n<meta name=\"twitter:label1\" content=\"Tiempo de lectura\" \/>\n\t<meta name=\"twitter:data1\" content=\"2 minutos\" \/>\n<script type=\"application\/ld+json\" class=\"yoast-schema-graph\">{\"@context\":\"https:\\\/\\\/schema.org\",\"@graph\":[{\"@type\":\"WebPage\",\"@id\":\"https:\\\/\\\/boquet.cat\\\/es\\\/trabaja-con-nosotros\\\/oferta-empleo-frigorista\\\/\",\"url\":\"https:\\\/\\\/boquet.cat\\\/es\\\/trabaja-con-nosotros\\\/oferta-empleo-frigorista\\\/\",\"name\":\"Oferta Empleo - Frigorista - Boquet\",\"isPartOf\":{\"@id\":\"https:\\\/\\\/boquet.cat\\\/#website\"},\"datePublished\":\"2024-01-17T11:41:17+00:00\",\"dateModified\":\"2025-09-18T09:01:06+00:00\",\"description\":\"\u00a1\u00danete a nuestro equipo como frigorista! Excelente oportunidad para crecer profesionalmente en una empresa l\u00edder en el sector. \u00a1Aplica ahora!\",\"breadcrumb\":{\"@id\":\"https:\\\/\\\/boquet.cat\\\/es\\\/trabaja-con-nosotros\\\/oferta-empleo-frigorista\\\/#breadcrumb\"},\"inLanguage\":\"es\",\"potentialAction\":[{\"@type\":\"ReadAction\",\"target\":[\"https:\\\/\\\/boquet.cat\\\/es\\\/trabaja-con-nosotros\\\/oferta-empleo-frigorista\\\/\"]}]},{\"@type\":\"BreadcrumbList\",\"@id\":\"https:\\\/\\\/boquet.cat\\\/es\\\/trabaja-con-nosotros\\\/oferta-empleo-frigorista\\\/#breadcrumb\",\"itemListElement\":[{\"@type\":\"ListItem\",\"position\":1,\"name\":\"Inici\",\"item\":\"https:\\\/\\\/boquet.cat\\\/es\\\/inicio\\\/\"},{\"@type\":\"ListItem\",\"position\":2,\"name\":\"Trabaja con nosotros\",\"item\":\"https:\\\/\\\/boquet.cat\\\/es\\\/trabaja-con-nosotros\\\/\"},{\"@type\":\"ListItem\",\"position\":3,\"name\":\"Oferta Empleo &#8211; Frigorista\"}]},{\"@type\":\"WebSite\",\"@id\":\"https:\\\/\\\/boquet.cat\\\/#website\",\"url\":\"https:\\\/\\\/boquet.cat\\\/\",\"name\":\"Boquet\",\"description\":\"\",\"potentialAction\":[{\"@type\":\"SearchAction\",\"target\":{\"@type\":\"EntryPoint\",\"urlTemplate\":\"https:\\\/\\\/boquet.cat\\\/?s={search_term_string}\"},\"query-input\":{\"@type\":\"PropertyValueSpecification\",\"valueRequired\":true,\"valueName\":\"search_term_string\"}}],\"inLanguage\":\"es\"}]}<\/script>\n<!-- \/ Yoast SEO plugin. -->","yoast_head_json":{"title":"Oferta Empleo - Frigorista - Boquet","description":"\u00a1\u00danete a nuestro equipo como frigorista! Excelente oportunidad para crecer profesionalmente en una empresa l\u00edder en el sector. \u00a1Aplica ahora!","robots":{"index":"index","follow":"follow","max-snippet":"max-snippet:-1","max-image-preview":"max-image-preview:large","max-video-preview":"max-video-preview:-1"},"canonical":"https:\/\/boquet.cat\/es\/trabaja-con-nosotros\/oferta-empleo-frigorista\/","og_locale":"es_ES","og_type":"article","og_title":"Oferta Empleo - Frigorista - Boquet","og_description":"\u00a1\u00danete a nuestro equipo como frigorista! Excelente oportunidad para crecer profesionalmente en una empresa l\u00edder en el sector. \u00a1Aplica ahora!","og_url":"https:\/\/boquet.cat\/es\/trabaja-con-nosotros\/oferta-empleo-frigorista\/","og_site_name":"Boquet","article_modified_time":"2025-09-18T09:01:06+00:00","twitter_card":"summary_large_image","twitter_misc":{"Tiempo de lectura":"2 minutos"},"schema":{"@context":"https:\/\/schema.org","@graph":[{"@type":"WebPage","@id":"https:\/\/boquet.cat\/es\/trabaja-con-nosotros\/oferta-empleo-frigorista\/","url":"https:\/\/boquet.cat\/es\/trabaja-con-nosotros\/oferta-empleo-frigorista\/","name":"Oferta Empleo - Frigorista - Boquet","isPartOf":{"@id":"https:\/\/boquet.cat\/#website"},"datePublished":"2024-01-17T11:41:17+00:00","dateModified":"2025-09-18T09:01:06+00:00","description":"\u00a1\u00danete a nuestro equipo como frigorista! Excelente oportunidad para crecer profesionalmente en una empresa l\u00edder en el sector. \u00a1Aplica ahora!","breadcrumb":{"@id":"https:\/\/boquet.cat\/es\/trabaja-con-nosotros\/oferta-empleo-frigorista\/#breadcrumb"},"inLanguage":"es","potentialAction":[{"@type":"ReadAction","target":["https:\/\/boquet.cat\/es\/trabaja-con-nosotros\/oferta-empleo-frigorista\/"]}]},{"@type":"BreadcrumbList","@id":"https:\/\/boquet.cat\/es\/trabaja-con-nosotros\/oferta-empleo-frigorista\/#breadcrumb","itemListElement":[{"@type":"ListItem","position":1,"name":"Inici","item":"https:\/\/boquet.cat\/es\/inicio\/"},{"@type":"ListItem","position":2,"name":"Trabaja con nosotros","item":"https:\/\/boquet.cat\/es\/trabaja-con-nosotros\/"},{"@type":"ListItem","position":3,"name":"Oferta Empleo &#8211; Frigorista"}]},{"@type":"WebSite","@id":"https:\/\/boquet.cat\/#website","url":"https:\/\/boquet.cat\/","name":"Boquet","description":"","potentialAction":[{"@type":"SearchAction","target":{"@type":"EntryPoint","urlTemplate":"https:\/\/boquet.cat\/?s={search_term_string}"},"query-input":{"@type":"PropertyValueSpecification","valueRequired":true,"valueName":"search_term_string"}}],"inLanguage":"es"}]}},"_links":{"self":[{"href":"https:\/\/boquet.cat\/es\/wp-json\/wp\/v2\/pages\/1891","targetHints":{"allow":["GET"]}}],"collection":[{"href":"https:\/\/boquet.cat\/es\/wp-json\/wp\/v2\/pages"}],"about":[{"href":"https:\/\/boquet.cat\/es\/wp-json\/wp\/v2\/types\/page"}],"author":[{"embeddable":true,"href":"https:\/\/boquet.cat\/es\/wp-json\/wp\/v2\/users\/1"}],"replies":[{"embeddable":true,"href":"https:\/\/boquet.cat\/es\/wp-json\/wp\/v2\/comments?post=1891"}],"version-history":[{"count":0,"href":"https:\/\/boquet.cat\/es\/wp-json\/wp\/v2\/pages\/1891\/revisions"}],"up":[{"embeddable":true,"href":"https:\/\/boquet.cat\/es\/wp-json\/wp\/v2\/pages\/1883"}],"wp:attachment":[{"href":"https:\/\/boquet.cat\/es\/wp-json\/wp\/v2\/media?parent=1891"}],"curies":[{"name":"wp","href":"https:\/\/api.w.org\/{rel}","templated":true}]}}