{"id":4388,"date":"2024-05-28T11:45:24","date_gmt":"2024-05-28T11:45:24","guid":{"rendered":"https:\/\/boquet.cat\/?page_id=4388"},"modified":"2025-09-18T06:56:09","modified_gmt":"2025-09-18T06:56:09","slug":"canal-de-denuncias","status":"publish","type":"page","link":"https:\/\/boquet.cat\/es\/canal-de-denuncias\/","title":{"rendered":"Canal de Denuncias"},"content":{"rendered":"\n<style type=\"text\/css\" data-created_by=\"avia_inline_auto\" id=\"style-css-av-lqyxv7l6-a8b2baba60f0726ece37e1ac8b11901d\">\n.avia-section.av-lqyxv7l6-a8b2baba60f0726ece37e1ac8b11901d .av-parallax .av-parallax-inner{\nbackground-repeat:no-repeat;\nbackground-image:url(https:\/\/boquet.cat\/wp-content\/uploads\/2024\/01\/pexels-life-of-pix-7974.jpg);\nbackground-position:50% 100%;\nbackground-attachment:scroll;\n}\n.avia-section.av-lqyxv7l6-a8b2baba60f0726ece37e1ac8b11901d .av-section-color-overlay{\nopacity:0.6;\nbackground-color:#000000;\n}\n<\/style>\n<div id='av_section_1'  class='avia-section av-lqyxv7l6-a8b2baba60f0726ece37e1ac8b11901d main_color avia-section-default avia-no-border-styling  avia-builder-el-0  el_before_av_one_half  avia-builder-el-first  avia-full-stretch av-parallax-section avia-bg-style-parallax av-section-color-overlay-active av-minimum-height av-minimum-height-25 av-height-25  container_wrap sidebar_right'  data-section-bg-repeat='stretch' data-av_minimum_height_pc='25' data-av_min_height_opt='25'><div class='av-parallax' data-avia-parallax-ratio='0.3' ><div class='av-parallax-inner main_color avia-full-stretch'><\/div><\/div><div class=\"av-section-color-overlay-wrap\"><div class=\"av-section-color-overlay\"><\/div><div class='container av-section-cont-open' ><main  role=\"main\" itemprop=\"mainContentOfPage\"  class='template-page content  av-content-small alpha units'><div class='post-entry post-entry-type-page post-entry-4388'><div class='entry-content-wrapper clearfix'>\n<div  class='flex_column av-19yjgp-f107cc23999c05f941a24b1590b25e54 av_one_full  avia-builder-el-1  avia-builder-el-no-sibling  first flex_column_div  '     ><style type=\"text\/css\" data-created_by=\"avia_inline_auto\" id=\"style-css-av-lqyxvr0t-3eb3ab188d7c8b261bf16d56298a5166\">\n#top .av-special-heading.av-lqyxvr0t-3eb3ab188d7c8b261bf16d56298a5166{\npadding-bottom:10px;\ncolor:#ffffff;\nfont-size:55px;\n}\nbody .av-special-heading.av-lqyxvr0t-3eb3ab188d7c8b261bf16d56298a5166 .av-special-heading-tag .heading-char{\nfont-size:25px;\n}\n#top #wrap_all .av-special-heading.av-lqyxvr0t-3eb3ab188d7c8b261bf16d56298a5166 .av-special-heading-tag{\nfont-size:55px;\n}\n.av-special-heading.av-lqyxvr0t-3eb3ab188d7c8b261bf16d56298a5166 .special-heading-inner-border{\nborder-color:#ffffff;\n}\n.av-special-heading.av-lqyxvr0t-3eb3ab188d7c8b261bf16d56298a5166 .av-subheading{\nfont-size:15px;\n}\n\n@media only screen and (min-width: 480px) and (max-width: 767px){ \n#top #wrap_all .av-special-heading.av-lqyxvr0t-3eb3ab188d7c8b261bf16d56298a5166 .av-special-heading-tag{\nfont-size:0.8em;\n}\n}\n\n@media only screen and (max-width: 479px){ \n#top #wrap_all .av-special-heading.av-lqyxvr0t-3eb3ab188d7c8b261bf16d56298a5166 .av-special-heading-tag{\nfont-size:0.8em;\n}\n}\n<\/style>\n<div  class='av-special-heading av-lqyxvr0t-3eb3ab188d7c8b261bf16d56298a5166 av-special-heading-h1 custom-color-heading blockquote modern-quote modern-centered  avia-builder-el-2  avia-builder-el-no-sibling  av-inherit-size'><h1 class='av-special-heading-tag '  itemprop=\"headline\"  >Canal de Denuncias <\/h1><div class='av_custom_color av-subheading av-subheading_below'><p>Inicio &gt; Canal de Denuncias<\/p>\n<\/div><div class=\"special-heading-border\"><div class=\"special-heading-inner-border\"><\/div><\/div><\/div><\/div>\n<\/div><\/div><\/main><!-- close content main element --><\/div><\/div><\/div><div id='after_section_1'  class='main_color av_default_container_wrap container_wrap sidebar_right'  ><div class='container av-section-cont-open' ><div class='template-page content  av-content-small alpha units'><div class='post-entry post-entry-type-page post-entry-4388'><div class='entry-content-wrapper clearfix'>\n<div  class='flex_column av-11tfrl-ca39e68ade22d29680adae9003e668aa av_one_half  avia-builder-el-3  el_after_av_section  el_before_av_one_half  avia-builder-el-first  first flex_column_div  '     ><p><form action=\"https:\/\/boquet.cat\/es\/canal-de-denuncias\/\" method=\"post\" data-fields-with-error=\"Found errors in the following field(s):\" class=\"avia_ajax_form av-form-labels-hidden   avia-builder-el-4  el_before_av_textblock  avia-builder-el-first   \" data-avia-form-id=\"1\" data-avia-redirect='' ><fieldset><p class='  first_form  form_element form_fullwidth' id='element_avia_1_1'><label for=\"avia_1_1\">Introduce un breve resumen de la denuncia:  <abbr class=\"required\" title=\"requerido\">*<\/abbr><\/label> <input name=\"avia_1_1\" class=\"text_input is_empty\" type=\"text\" id=\"avia_1_1\" value=\"\"  placeholder='Introduce un breve resumen de la denuncia: *'\/><\/p><p class='  first_form  form_element form_fullwidth' id='element_avia_2_1'><label for=\"avia_2_1\" class=\"textare_label hidden textare_label_avia_2_1\">Descripci\u00f3n de los hechos <abbr class=\"required\" title=\"requerido\">*<\/abbr><\/label><textarea  placeholder='Descripci\u00f3n de los hechos*' name=\"avia_2_1\" class=\"text_area is_empty\" cols=\"40\" rows=\"7\" id=\"avia_2_1\" ><\/textarea><\/p><p class=\"hidden\"><input type=\"text\" name=\"avia_3_1\" class=\"hidden \" id=\"avia_3_1\" value=\"\" \/><\/p><div id='avia_4_1' class='av-recaptcha-area  first_form  form_element form_fullwidth av-last-visible-form-element '  data-container_class=\"\" data-custom_class=\"\" data-context=\"av_contact_form\" data-token_input=\"av_recaptcha_token\" data-version=\"avia_recaptcha_v2\" data-theme=\"light\" data-size=\"normal\" data-score=\"0.5\" data-text_to_preview=\"\" data-value=\"\"><div class=\"av-google-badge-message hidden\">This site is protected by reCAPTCHA and the Google <a href=\"https:\/\/policies.google.com\/privacy\">Privacy Policy<\/a> and <a href=\"https:\/\/policies.google.com\/terms\">Terms of Service<\/a> apply.<\/div><\/div><p class=' av_form_privacy_check av_contact_privacy_check first_form  form_element form_fullwidth' id='element_avia_5_1'><input  name=\"avia_5_1\" class=\"input_checkbox is_empty\" type=\"checkbox\" id=\"avia_5_1\" value=\"true\"\/><label class=\"input_checkbox_label\" for=\"avia_5_1\">He le\u00eddo y acepto las condiciones contenidas en la <a href='https:\/\/boquet.cat\/politica-de-privadesa\/' target='_blank'>Pol\u00edtica de privacidad<\/a> sobre el tratamiento de mis datos para gestionar mi\nconsulta o petici\u00f3n  <abbr class=\"required\" title=\"requerido\">*<\/abbr><\/label><\/p><p class=\"form_element \"><input type=\"hidden\" value=\"1\" name=\"avia_generated_form1\" \/><input type=\"submit\" value=\"Enviar\" class=\"button\"  data-sending-label=\"Enviando\"\/><\/p><\/fieldset><div class=\"avia-disabled-form\">Este formulario de contacto est\u00e1 desactivado porque rechazaste aceptar el servicio de Google reCaptcha, que es necesario para validar los mensajes enviados a trav\u00e9s del formulario.<\/div><\/form><div id=\"ajaxresponse_1\" class=\"ajaxresponse ajaxresponse_1 hidden\"><\/div><br \/>\n<section  class='av_textblock_section av-lwq8s2zf-573f7acaf28cadd508b4fc21f9cff9a7 '   itemscope=\"itemscope\" itemtype=\"https:\/\/schema.org\/CreativeWork\" ><div class='avia_textblock'  itemprop=\"text\" ><p><small>ELECTRICITAT BOQUET, S.L. como responsable del tratamiento tratar\u00e1 tus datos con la finalidad de dar respuesta a tu consulta o petici\u00f3n. Puedes acceder, rectificar y suprimir tus datos, as\u00ed como ejercer otros derechos consultando la informaci\u00f3n adicional y detallada sobre protecci\u00f3n de datos en nuestra <a href=\"https:\/\/boquet.cat\/es\/politica-de-privadesa\/\">Pol\u00edtica de Privacidad<\/a><\/small><\/p>\n<\/div><\/section><\/p><\/div>\n<div  class='flex_column av-b3i4x-3f9362cfa05ae79cbd42cd29055e910a av_one_half  avia-builder-el-6  el_after_av_one_half  avia-builder-el-last  flex_column_div  '     ><p>\n<style type=\"text\/css\" data-created_by=\"avia_inline_auto\" id=\"style-css-av-lqyy2594-97165c244d615af23102c5de02efa8f9\">\n#top .av-special-heading.av-lqyy2594-97165c244d615af23102c5de02efa8f9{\npadding-bottom:10px;\n}\nbody .av-special-heading.av-lqyy2594-97165c244d615af23102c5de02efa8f9 .av-special-heading-tag .heading-char{\nfont-size:25px;\n}\n.av-special-heading.av-lqyy2594-97165c244d615af23102c5de02efa8f9 .av-subheading{\nfont-size:15px;\n}\n<\/style>\n<div  class='av-special-heading av-lqyy2594-97165c244d615af23102c5de02efa8f9 av-special-heading-h2 blockquote modern-quote  avia-builder-el-7  el_before_av_textblock  avia-builder-el-first '><h2 class='av-special-heading-tag '  itemprop=\"headline\"  >Canal de Denuncias<\/h2><div class=\"special-heading-border\"><div class=\"special-heading-inner-border\"><\/div><\/div><\/div><br \/>\n<section  class='av_textblock_section av-lqyy2dsi-c3379a3e5d17d3c11647c19c0948deff '   itemscope=\"itemscope\" itemtype=\"https:\/\/schema.org\/CreativeWork\" ><div class='avia_textblock'  itemprop=\"text\" ><p>En ELECTRICITAT BOQUET, S.L.\u00a0, estamos comprometidos con mantener un entorno \u00e9tico y transparente. Valoramos la integridad y la honestidad en todas nuestras operaciones y relaciones. Por esta raz\u00f3n, hemos establecido un Canal de Denuncias confidencial para que nuestros empleados, clientes, proveedores y cualquier otra persona pueda reportar de manera segura cualquier conducta inapropiada, irregularidad o violaci\u00f3n de nuestras pol\u00edticas y normas.<\/p>\n<h3>\u00bfQu\u00e9 puedes reportar?<\/h3>\n<p>El Canal de Denuncias est\u00e1 disponible para reportar cualquier tipo de comportamiento indebido, incluyendo pero no limitado a:<\/p>\n<\/div><\/section><br \/>\n\n<style type=\"text\/css\" data-created_by=\"avia_inline_auto\" id=\"style-css-av-lqyye16m-a45ff951908581512552fbbaae996df7\">\n#top .avia-icon-list-container.av-lqyye16m-a45ff951908581512552fbbaae996df7 .iconlist_icon{\ncolor:#ee7e06;\n}\n#top .avia-icon-list-container.av-lqyye16m-a45ff951908581512552fbbaae996df7 .iconlist_icon svg:first-child{\nstroke:#ee7e06;\nfill:#ee7e06;\n}\n<\/style>\n<div  class='avia-icon-list-container av-lqyye16m-a45ff951908581512552fbbaae996df7  avia-builder-el-9  el_after_av_textblock  avia-builder-el-last '><ul class='avia-icon-list avia_animate_when_almost_visible avia-icon-list-left av-iconlist-small av-lqyye16m-a45ff951908581512552fbbaae996df7 avia-iconlist-animate'>\n<li><div class='iconlist_icon av-lqyycyha-2a0d941b8a3ac2528a2c32f21dc7aa1c avia-font-entypo-fontello avia-iconfont avia-font-entypo-fontello'><span class='av-icon-char' data-av_icon='\ue812' data-av_iconfont='entypo-fontello' aria-hidden=\"true\"><\/span><\/div><article class=\"article-icon-entry av-iconlist-empty\"  itemscope=\"itemscope\" itemtype=\"https:\/\/schema.org\/CreativeWork\" ><div class=\"iconlist_content_wrap\"><header class=\"entry-content-header\" aria-label=\"Icon: Fraude o robo\"><div class='av_iconlist_title iconlist_title_small  '  itemprop=\"headline\" >Fraude o robo<\/div><\/header><div class='iconlist_content '  itemprop=\"text\" ><\/div><\/div><footer class=\"entry-footer\"><\/footer><\/article><div class=\"iconlist-timeline\"><\/div><\/li>\n<li><div class='iconlist_icon av-lqyycyha-5-ce22c323934c465d0b902851ea17dd02 avia-font-entypo-fontello avia-iconfont avia-font-entypo-fontello'><span class='av-icon-char' data-av_icon='\ue812' data-av_iconfont='entypo-fontello' aria-hidden=\"true\"><\/span><\/div><article class=\"article-icon-entry av-iconlist-empty\"  itemscope=\"itemscope\" itemtype=\"https:\/\/schema.org\/CreativeWork\" ><div class=\"iconlist_content_wrap\"><header class=\"entry-content-header\" aria-label=\"Icon: Corrupci\u00f3n o soborno.\"><div class='av_iconlist_title iconlist_title_small  '  itemprop=\"headline\" >Corrupci\u00f3n o soborno.<\/div><\/header><div class='iconlist_content '  itemprop=\"text\" ><\/div><\/div><footer class=\"entry-footer\"><\/footer><\/article><div class=\"iconlist-timeline\"><\/div><\/li>\n<li><div class='iconlist_icon av-lqyycyha-4-7a79e72d75519b71cec102e4e3317f24 avia-font-entypo-fontello avia-iconfont avia-font-entypo-fontello'><span class='av-icon-char' data-av_icon='\ue812' data-av_iconfont='entypo-fontello' aria-hidden=\"true\"><\/span><\/div><article class=\"article-icon-entry av-iconlist-empty\"  itemscope=\"itemscope\" itemtype=\"https:\/\/schema.org\/CreativeWork\" ><div class=\"iconlist_content_wrap\"><header class=\"entry-content-header\" aria-label=\"Icon: Conflictos de inter\u00e9s.\"><div class='av_iconlist_title iconlist_title_small  '  itemprop=\"headline\" >Conflictos de inter\u00e9s.<\/div><\/header><div class='iconlist_content '  itemprop=\"text\" ><\/div><\/div><footer class=\"entry-footer\"><\/footer><\/article><div class=\"iconlist-timeline\"><\/div><\/li>\n<li><div class='iconlist_icon av-lqyycyha-3-45393579aa32528dacb9bdd53c447c59 avia-font-entypo-fontello avia-iconfont avia-font-entypo-fontello'><span class='av-icon-char' data-av_icon='\ue812' data-av_iconfont='entypo-fontello' aria-hidden=\"true\"><\/span><\/div><article class=\"article-icon-entry av-iconlist-empty\"  itemscope=\"itemscope\" itemtype=\"https:\/\/schema.org\/CreativeWork\" ><div class=\"iconlist_content_wrap\"><header class=\"entry-content-header\" aria-label=\"Icon: Violaciones a la privacidad y seguridad de datos.\"><div class='av_iconlist_title iconlist_title_small  '  itemprop=\"headline\" >Violaciones a la privacidad y seguridad de datos.<\/div><\/header><div class='iconlist_content '  itemprop=\"text\" ><\/div><\/div><footer class=\"entry-footer\"><\/footer><\/article><div class=\"iconlist-timeline\"><\/div><\/li>\n<li><div class='iconlist_icon av-lqyycyha-2-61325de7206db74e9467c41473f3bdce avia-font-entypo-fontello avia-iconfont avia-font-entypo-fontello'><span class='av-icon-char' data-av_icon='\ue812' data-av_iconfont='entypo-fontello' aria-hidden=\"true\"><\/span><\/div><article class=\"article-icon-entry av-iconlist-empty\"  itemscope=\"itemscope\" itemtype=\"https:\/\/schema.org\/CreativeWork\" ><div class=\"iconlist_content_wrap\"><header class=\"entry-content-header\" aria-label=\"Icon: Acoso laboral o sexual.\"><div class='av_iconlist_title iconlist_title_small  '  itemprop=\"headline\" >Acoso laboral o sexual.<\/div><\/header><div class='iconlist_content '  itemprop=\"text\" ><\/div><\/div><footer class=\"entry-footer\"><\/footer><\/article><div class=\"iconlist-timeline\"><\/div><\/li>\n<li><div class='iconlist_icon av-lqyycyha-1-fdb644fdb6dfcc0971433f4bc60951c5 avia-font-entypo-fontello avia-iconfont avia-font-entypo-fontello'><span class='av-icon-char' data-av_icon='\ue812' data-av_iconfont='entypo-fontello' aria-hidden=\"true\"><\/span><\/div><article class=\"article-icon-entry av-iconlist-empty\"  itemscope=\"itemscope\" itemtype=\"https:\/\/schema.org\/CreativeWork\" ><div class=\"iconlist_content_wrap\"><header class=\"entry-content-header\" aria-label=\"Icon: Cualquier otra conducta contraria a nuestros valores y normas.\"><div class='av_iconlist_title iconlist_title_small  '  itemprop=\"headline\" >Cualquier otra conducta contraria a nuestros valores y normas.<\/div><\/header><div class='iconlist_content '  itemprop=\"text\" ><\/div><\/div><footer class=\"entry-footer\"><\/footer><\/article><div class=\"iconlist-timeline\"><\/div><\/li>\n<\/ul><\/div><\/p><\/div>\n","protected":false},"excerpt":{"rendered":"","protected":false},"author":1,"featured_media":0,"parent":0,"menu_order":0,"comment_status":"closed","ping_status":"closed","template":"","meta":{"footnotes":""},"class_list":["post-4388","page","type-page","status-publish","hentry"],"yoast_head":"<!-- This site is optimized with the Yoast SEO plugin v27.6 - https:\/\/yoast.com\/product\/yoast-seo-wordpress\/ -->\n<title>Canal de Denuncias - Boquet<\/title>\n<meta name=\"description\" content=\"Descobreix el Canal de Denuncias d&#039;ELECTRICITAT BOQUET, S.L. per reportar conducta inapropiada de manera segura i confidencial.\" \/>\n<meta name=\"robots\" content=\"index, follow, max-snippet:-1, max-image-preview:large, max-video-preview:-1\" \/>\n<link rel=\"canonical\" href=\"https:\/\/boquet.cat\/es\/canal-de-denuncias\/\" \/>\n<meta property=\"og:locale\" content=\"es_ES\" \/>\n<meta property=\"og:type\" content=\"article\" \/>\n<meta property=\"og:title\" content=\"Canal de Denuncias - Boquet\" \/>\n<meta property=\"og:description\" content=\"Descobreix el Canal de Denuncias d&#039;ELECTRICITAT BOQUET, S.L. per reportar conducta inapropiada de manera segura i confidencial.\" \/>\n<meta property=\"og:url\" content=\"https:\/\/boquet.cat\/es\/canal-de-denuncias\/\" \/>\n<meta property=\"og:site_name\" content=\"Boquet\" \/>\n<meta property=\"article:modified_time\" content=\"2025-09-18T06:56:09+00:00\" \/>\n<meta name=\"twitter:card\" content=\"summary_large_image\" \/>\n<meta name=\"twitter:label1\" content=\"Tiempo de lectura\" \/>\n\t<meta name=\"twitter:data1\" content=\"2 minutos\" \/>\n<script type=\"application\/ld+json\" class=\"yoast-schema-graph\">{\"@context\":\"https:\\\/\\\/schema.org\",\"@graph\":[{\"@type\":\"WebPage\",\"@id\":\"https:\\\/\\\/boquet.cat\\\/es\\\/canal-de-denuncias\\\/\",\"url\":\"https:\\\/\\\/boquet.cat\\\/es\\\/canal-de-denuncias\\\/\",\"name\":\"Canal de Denuncias - Boquet\",\"isPartOf\":{\"@id\":\"https:\\\/\\\/boquet.cat\\\/#website\"},\"datePublished\":\"2024-05-28T11:45:24+00:00\",\"dateModified\":\"2025-09-18T06:56:09+00:00\",\"description\":\"Descobreix el Canal de Denuncias d'ELECTRICITAT BOQUET, S.L. per reportar conducta inapropiada de manera segura i confidencial.\",\"breadcrumb\":{\"@id\":\"https:\\\/\\\/boquet.cat\\\/es\\\/canal-de-denuncias\\\/#breadcrumb\"},\"inLanguage\":\"es\",\"potentialAction\":[{\"@type\":\"ReadAction\",\"target\":[\"https:\\\/\\\/boquet.cat\\\/es\\\/canal-de-denuncias\\\/\"]}]},{\"@type\":\"BreadcrumbList\",\"@id\":\"https:\\\/\\\/boquet.cat\\\/es\\\/canal-de-denuncias\\\/#breadcrumb\",\"itemListElement\":[{\"@type\":\"ListItem\",\"position\":1,\"name\":\"Inici\",\"item\":\"https:\\\/\\\/boquet.cat\\\/es\\\/inicio\\\/\"},{\"@type\":\"ListItem\",\"position\":2,\"name\":\"Canal de Denuncias\"}]},{\"@type\":\"WebSite\",\"@id\":\"https:\\\/\\\/boquet.cat\\\/#website\",\"url\":\"https:\\\/\\\/boquet.cat\\\/\",\"name\":\"Boquet\",\"description\":\"\",\"potentialAction\":[{\"@type\":\"SearchAction\",\"target\":{\"@type\":\"EntryPoint\",\"urlTemplate\":\"https:\\\/\\\/boquet.cat\\\/?s={search_term_string}\"},\"query-input\":{\"@type\":\"PropertyValueSpecification\",\"valueRequired\":true,\"valueName\":\"search_term_string\"}}],\"inLanguage\":\"es\"}]}<\/script>\n<!-- \/ Yoast SEO plugin. -->","yoast_head_json":{"title":"Canal de Denuncias - Boquet","description":"Descobreix el Canal de Denuncias d'ELECTRICITAT BOQUET, S.L. per reportar conducta inapropiada de manera segura i confidencial.","robots":{"index":"index","follow":"follow","max-snippet":"max-snippet:-1","max-image-preview":"max-image-preview:large","max-video-preview":"max-video-preview:-1"},"canonical":"https:\/\/boquet.cat\/es\/canal-de-denuncias\/","og_locale":"es_ES","og_type":"article","og_title":"Canal de Denuncias - Boquet","og_description":"Descobreix el Canal de Denuncias d'ELECTRICITAT BOQUET, S.L. per reportar conducta inapropiada de manera segura i confidencial.","og_url":"https:\/\/boquet.cat\/es\/canal-de-denuncias\/","og_site_name":"Boquet","article_modified_time":"2025-09-18T06:56:09+00:00","twitter_card":"summary_large_image","twitter_misc":{"Tiempo de lectura":"2 minutos"},"schema":{"@context":"https:\/\/schema.org","@graph":[{"@type":"WebPage","@id":"https:\/\/boquet.cat\/es\/canal-de-denuncias\/","url":"https:\/\/boquet.cat\/es\/canal-de-denuncias\/","name":"Canal de Denuncias - Boquet","isPartOf":{"@id":"https:\/\/boquet.cat\/#website"},"datePublished":"2024-05-28T11:45:24+00:00","dateModified":"2025-09-18T06:56:09+00:00","description":"Descobreix el Canal de Denuncias d'ELECTRICITAT BOQUET, S.L. per reportar conducta inapropiada de manera segura i confidencial.","breadcrumb":{"@id":"https:\/\/boquet.cat\/es\/canal-de-denuncias\/#breadcrumb"},"inLanguage":"es","potentialAction":[{"@type":"ReadAction","target":["https:\/\/boquet.cat\/es\/canal-de-denuncias\/"]}]},{"@type":"BreadcrumbList","@id":"https:\/\/boquet.cat\/es\/canal-de-denuncias\/#breadcrumb","itemListElement":[{"@type":"ListItem","position":1,"name":"Inici","item":"https:\/\/boquet.cat\/es\/inicio\/"},{"@type":"ListItem","position":2,"name":"Canal de Denuncias"}]},{"@type":"WebSite","@id":"https:\/\/boquet.cat\/#website","url":"https:\/\/boquet.cat\/","name":"Boquet","description":"","potentialAction":[{"@type":"SearchAction","target":{"@type":"EntryPoint","urlTemplate":"https:\/\/boquet.cat\/?s={search_term_string}"},"query-input":{"@type":"PropertyValueSpecification","valueRequired":true,"valueName":"search_term_string"}}],"inLanguage":"es"}]}},"_links":{"self":[{"href":"https:\/\/boquet.cat\/es\/wp-json\/wp\/v2\/pages\/4388","targetHints":{"allow":["GET"]}}],"collection":[{"href":"https:\/\/boquet.cat\/es\/wp-json\/wp\/v2\/pages"}],"about":[{"href":"https:\/\/boquet.cat\/es\/wp-json\/wp\/v2\/types\/page"}],"author":[{"embeddable":true,"href":"https:\/\/boquet.cat\/es\/wp-json\/wp\/v2\/users\/1"}],"replies":[{"embeddable":true,"href":"https:\/\/boquet.cat\/es\/wp-json\/wp\/v2\/comments?post=4388"}],"version-history":[{"count":0,"href":"https:\/\/boquet.cat\/es\/wp-json\/wp\/v2\/pages\/4388\/revisions"}],"wp:attachment":[{"href":"https:\/\/boquet.cat\/es\/wp-json\/wp\/v2\/media?parent=4388"}],"curies":[{"name":"wp","href":"https:\/\/api.w.org\/{rel}","templated":true}]}}