{"id":6229,"date":"2025-11-21T10:03:51","date_gmt":"2025-11-21T10:03:51","guid":{"rendered":"https:\/\/boquet.cat\/?page_id=6229"},"modified":"2025-11-21T10:32:54","modified_gmt":"2025-11-21T10:32:54","slug":"cuanto-cuesta-una-bateria-para-placas-solares-en-2025-26","status":"publish","type":"page","link":"https:\/\/boquet.cat\/es\/cuanto-cuesta-una-bateria-para-placas-solares-en-2025-26\/","title":{"rendered":"\u00bfCu\u00e1nto Cuesta una Bater\u00eda para Placas Solares en 2025\/26?"},"content":{"rendered":"<h1 data-start=\"305\" data-end=\"667\">\u00bfCu\u00e1nto Cuesta una Bater\u00eda para Placas Solares en 2025\/26?<\/h1>\n<p data-start=\"305\" data-end=\"667\">En los \u00faltimos a\u00f1os, las bater\u00edas para placas solares se han convertido en uno de los elementos m\u00e1s importantes para quienes quieren <strong data-start=\"438\" data-end=\"490\">aprovechar al m\u00e1ximo su instalaci\u00f3n fotovoltaica<\/strong>. Si est\u00e1s buscando informaci\u00f3n sobre <strong data-start=\"528\" data-end=\"563\">bater\u00edas placas solares precios<\/strong>, tipos, capacidades o cu\u00e1l se adapta mejor a tu vivienda o negocio, en esta gu\u00eda te lo explicamos todo.<\/p>\n<p data-start=\"669\" data-end=\"887\">En <strong data-start=\"672\" data-end=\"695\">Electricitat Boquet<\/strong> somos especialistas en <strong data-start=\"719\" data-end=\"808\">instalaciones solares y sistemas de almacenamiento energ\u00e9tico en la zona de Barcelona (Maresme), Girona, Tarragona&#8230;<\/strong>, y ponemos a tu disposici\u00f3n esta gu\u00eda actualizada para ayudarte a elegir bien.<\/p>\n<h2 data-start=\"669\" data-end=\"887\">\u00bfQu\u00e9 es una <a href=\"http:\/\/boquet.cat\">bater\u00eda para placas solares<\/a> y para qu\u00e9 sirve?<\/h2>\n<p>Primero de todo, hay que poner en contexto que una bter\u00eda solar permite almacenar la energ\u00eda que generan las placas solares durante las horas de sol del d\u00eda, para poder utilizarla cuando este ya no este.<\/p>\n<p>Por ejemplo, por la noche, d\u00edas nublados, aumentar el autoconsumo, reducir la factura el\u00e9ctrica, o disponer de energ\u00eda en caso de cortes de luz, si la bateria cuanta con sistema \u00abback-up\u00bb.<\/p>\n<h2>Tipos de bater\u00edas para <a href=\"http:\/\/boquet.cat\">placas solares<\/a><\/h2>\n<p>Existen diferentes tipos de bater\u00edas, a continuaci\u00f3n te vamos a dejar informaci\u00f3n de aquellas que son las mas freq\u00fcentes, econ\u00f2micas y eficientes para tu instalaci\u00f3n fotovoltaica.<\/p>\n<ul>\n<li>Bater\u00edas de litio (LiFePO4): Cuentan con una vida \u00fatil de 10.000 ciclos, lo que equivale a 15-20 a\u00f1os, mayor eficiencia superando el 95%, otra ventaja es el poco mantenimiento que necesitan para un correcto funcionamiento y por \u00faltimo, ocupan menos espacio. Aunque el precio suele ser un poco m\u00e1s elevado en relaci\u00f3n a otras.<\/li>\n<li>Bater\u00edas AGM (plomo sellado): El precio es reducido a l&#8217;anterior, son muy seguras, buen rendimiento perfectas para instalaciones peque\u00f1as, y con una vida \u00fatil corta (4-6 a\u00f1os). No son recomendables si tu intenci\u00f3n es cubrir todo el gasto el\u00e8ctrico del domicilio.<\/li>\n<li>Bater\u00edas estacionarias OPzS\/OPzV: Son las ideales para instalaciones aisladas o viviendas con alto consumo, cuenta con una larga vida \u00fatil, restiencia a descargas profundas y alta capacidad de almacenaje, aunque requieren de m\u00e1s espacio, son bastante pesadas y la instalaci\u00f3n es m\u00e1s t\u00e9cnica.<\/li>\n<\/ul>\n<p><img loading=\"lazy\" decoding=\"async\" class=\"wp-image-5938 aligncenter\" src=\"https:\/\/boquet.cat\/wp-content\/uploads\/2025\/08\/1mod-Photoroom-1-1030x1030.png\" alt=\"bateria solar\" width=\"399\" height=\"399\" srcset=\"https:\/\/boquet.cat\/wp-content\/uploads\/2025\/08\/1mod-Photoroom-1-1030x1030.png 1030w, https:\/\/boquet.cat\/wp-content\/uploads\/2025\/08\/1mod-Photoroom-1-300x300.png 300w, https:\/\/boquet.cat\/wp-content\/uploads\/2025\/08\/1mod-Photoroom-1-80x80.png 80w, https:\/\/boquet.cat\/wp-content\/uploads\/2025\/08\/1mod-Photoroom-1-768x768.png 768w, https:\/\/boquet.cat\/wp-content\/uploads\/2025\/08\/1mod-Photoroom-1-36x36.png 36w, https:\/\/boquet.cat\/wp-content\/uploads\/2025\/08\/1mod-Photoroom-1-180x180.png 180w, https:\/\/boquet.cat\/wp-content\/uploads\/2025\/08\/1mod-Photoroom-1-705x705.png 705w, https:\/\/boquet.cat\/wp-content\/uploads\/2025\/08\/1mod-Photoroom-1.png 1280w\" sizes=\"auto, (max-width: 399px) 100vw, 399px\" \/><\/p>\n<h2>Precios de bater\u00edas para placas solares en 2025<\/h2>\n<h3 data-start=\"3813\" data-end=\"3877\"><strong data-start=\"3820\" data-end=\"3877\">Precio medio real de instalar una bater\u00eda en Catalu\u00f1a<\/strong><\/h3>\n<ul>\n<li style=\"list-style-type: none\">\n<ul data-start=\"3878\" data-end=\"3977\">\n<li data-start=\"3878\" data-end=\"3909\">\n<p data-start=\"3880\" data-end=\"3909\"><strong data-start=\"3880\" data-end=\"3893\">De 5 kWh:<\/strong> 2.500\u20134.000 \u20ac<\/p>\n<\/li>\n<li data-start=\"3910\" data-end=\"3942\">\n<p data-start=\"3912\" data-end=\"3942\"><strong data-start=\"3912\" data-end=\"3926\">De 10 kWh:<\/strong> 4.500\u20137.500 \u20ac<\/p>\n<\/li>\n<li data-start=\"3943\" data-end=\"3977\">\n<p data-start=\"3945\" data-end=\"3977\"><strong data-start=\"3945\" data-end=\"3963\">M\u00e1s de 10 kWh:<\/strong> desde 7.000 \u20ac<\/p>\n<\/li>\n<li data-start=\"3943\" data-end=\"3977\">Vols una bateria? Contacta ara amb <a href=\"mailto:mvinallonga@boquet.cat\">mvinallonga@boquet.cat<\/a> o truca al 615 77 78 73.<\/li>\n<\/ul>\n<\/li>\n<\/ul>\n<h2 data-start=\"4552\" data-end=\"4613\"><strong data-start=\"4556\" data-end=\"4613\">\u00bfCu\u00e1nto se ahorra realmente con una bater\u00eda solar?<\/strong><\/h2>\n<p data-start=\"4615\" data-end=\"4658\">Depende del tama\u00f1o y consumo, pero en 2025:<\/p>\n<ul data-start=\"4660\" data-end=\"4815\">\n<li data-start=\"4660\" data-end=\"4698\">\n<p data-start=\"4662\" data-end=\"4698\"><strong data-start=\"4662\" data-end=\"4686\">Ahorro anual t\u00edpico:<\/strong> 300\u2013800 \u20ac<\/p>\n<\/li>\n<li data-start=\"4699\" data-end=\"4738\">\n<p data-start=\"4701\" data-end=\"4738\"><strong data-start=\"4701\" data-end=\"4729\">Autoconsumo sin bater\u00eda:<\/strong> 30\u201360%<\/p>\n<\/li>\n<li data-start=\"4739\" data-end=\"4778\">\n<p data-start=\"4741\" data-end=\"4778\"><strong data-start=\"4741\" data-end=\"4769\">Autoconsumo con bater\u00eda:<\/strong> 60\u201390%<\/p>\n<\/li>\n<li data-start=\"4779\" data-end=\"4815\">\n<p data-start=\"4781\" data-end=\"4815\"><strong data-start=\"4781\" data-end=\"4806\">Retorno de inversi\u00f3n:<\/strong> 5\u20139 a\u00f1os<\/p>\n<\/li>\n<\/ul>\n<p data-start=\"4817\" data-end=\"4904\">El ahorro es <strong data-start=\"4830\" data-end=\"4851\">muy significativo<\/strong> en viviendas que est\u00e1n fuera de casa durante el d\u00eda.<\/p>\n","protected":false},"excerpt":{"rendered":"<p>\u00bfCu\u00e1nto Cuesta una Bater\u00eda para Placas Solares en 2025\/26? En los \u00faltimos a\u00f1os, las bater\u00edas para placas solares se han convertido en uno de los elementos m\u00e1s importantes para quienes quieren aprovechar al m\u00e1ximo su instalaci\u00f3n fotovoltaica. Si est\u00e1s buscando informaci\u00f3n sobre bater\u00edas placas solares precios, tipos, capacidades o cu\u00e1l se adapta mejor a tu [&hellip;]<\/p>\n","protected":false},"author":63,"featured_media":0,"parent":0,"menu_order":0,"comment_status":"closed","ping_status":"closed","template":"","meta":{"footnotes":""},"class_list":["post-6229","page","type-page","status-publish","hentry"],"yoast_head":"<!-- This site is optimized with the Yoast SEO plugin v27.6 - https:\/\/yoast.com\/product\/yoast-seo-wordpress\/ -->\n<title>\u00bfCu\u00e1nto Cuesta una Bater\u00eda para Placas Solares en 2025\/26? - Boquet<\/title>\n<meta name=\"description\" content=\"Descubre los precios de bater\u00edas para placas solares en 2025. Tipos, comparativa, recomendaciones y presupuesto personalizado.\" \/>\n<meta name=\"robots\" content=\"index, follow, max-snippet:-1, max-image-preview:large, max-video-preview:-1\" \/>\n<link rel=\"canonical\" href=\"https:\/\/boquet.cat\/es\/cuanto-cuesta-una-bateria-para-placas-solares-en-2025-26\/\" \/>\n<meta property=\"og:locale\" content=\"es_ES\" \/>\n<meta property=\"og:type\" content=\"article\" \/>\n<meta property=\"og:title\" content=\"\u00bfCu\u00e1nto Cuesta una Bater\u00eda para Placas Solares en 2025\/26? - Boquet\" \/>\n<meta property=\"og:description\" content=\"Descubre los precios de bater\u00edas para placas solares en 2025. Tipos, comparativa, recomendaciones y presupuesto personalizado.\" \/>\n<meta property=\"og:url\" content=\"https:\/\/boquet.cat\/es\/cuanto-cuesta-una-bateria-para-placas-solares-en-2025-26\/\" \/>\n<meta property=\"og:site_name\" content=\"Boquet\" \/>\n<meta property=\"article:modified_time\" content=\"2025-11-21T10:32:54+00:00\" \/>\n<meta property=\"og:image\" content=\"https:\/\/boquet.cat\/wp-content\/uploads\/2025\/08\/1mod-Photoroom-1.png\" \/>\n\t<meta property=\"og:image:width\" content=\"1280\" \/>\n\t<meta property=\"og:image:height\" content=\"1280\" \/>\n\t<meta property=\"og:image:type\" content=\"image\/png\" \/>\n<meta name=\"twitter:card\" content=\"summary_large_image\" \/>\n<meta name=\"twitter:label1\" content=\"Tiempo de lectura\" \/>\n\t<meta name=\"twitter:data1\" content=\"3 minutos\" \/>\n<script type=\"application\/ld+json\" class=\"yoast-schema-graph\">{\"@context\":\"https:\\\/\\\/schema.org\",\"@graph\":[{\"@type\":\"WebPage\",\"@id\":\"https:\\\/\\\/boquet.cat\\\/es\\\/cuanto-cuesta-una-bateria-para-placas-solares-en-2025-26\\\/\",\"url\":\"https:\\\/\\\/boquet.cat\\\/es\\\/cuanto-cuesta-una-bateria-para-placas-solares-en-2025-26\\\/\",\"name\":\"\u00bfCu\u00e1nto Cuesta una Bater\u00eda para Placas Solares en 2025\\\/26? - Boquet\",\"isPartOf\":{\"@id\":\"https:\\\/\\\/boquet.cat\\\/#website\"},\"primaryImageOfPage\":{\"@id\":\"https:\\\/\\\/boquet.cat\\\/es\\\/cuanto-cuesta-una-bateria-para-placas-solares-en-2025-26\\\/#primaryimage\"},\"image\":{\"@id\":\"https:\\\/\\\/boquet.cat\\\/es\\\/cuanto-cuesta-una-bateria-para-placas-solares-en-2025-26\\\/#primaryimage\"},\"thumbnailUrl\":\"https:\\\/\\\/boquet.cat\\\/wp-content\\\/uploads\\\/2025\\\/08\\\/1mod-Photoroom-1-1030x1030.png\",\"datePublished\":\"2025-11-21T10:03:51+00:00\",\"dateModified\":\"2025-11-21T10:32:54+00:00\",\"description\":\"Descubre los precios de bater\u00edas para placas solares en 2025. Tipos, comparativa, recomendaciones y presupuesto personalizado.\",\"breadcrumb\":{\"@id\":\"https:\\\/\\\/boquet.cat\\\/es\\\/cuanto-cuesta-una-bateria-para-placas-solares-en-2025-26\\\/#breadcrumb\"},\"inLanguage\":\"es\",\"potentialAction\":[{\"@type\":\"ReadAction\",\"target\":[\"https:\\\/\\\/boquet.cat\\\/es\\\/cuanto-cuesta-una-bateria-para-placas-solares-en-2025-26\\\/\"]}]},{\"@type\":\"ImageObject\",\"inLanguage\":\"es\",\"@id\":\"https:\\\/\\\/boquet.cat\\\/es\\\/cuanto-cuesta-una-bateria-para-placas-solares-en-2025-26\\\/#primaryimage\",\"url\":\"https:\\\/\\\/boquet.cat\\\/wp-content\\\/uploads\\\/2025\\\/08\\\/1mod-Photoroom-1-1030x1030.png\",\"contentUrl\":\"https:\\\/\\\/boquet.cat\\\/wp-content\\\/uploads\\\/2025\\\/08\\\/1mod-Photoroom-1-1030x1030.png\"},{\"@type\":\"BreadcrumbList\",\"@id\":\"https:\\\/\\\/boquet.cat\\\/es\\\/cuanto-cuesta-una-bateria-para-placas-solares-en-2025-26\\\/#breadcrumb\",\"itemListElement\":[{\"@type\":\"ListItem\",\"position\":1,\"name\":\"Inici\",\"item\":\"https:\\\/\\\/boquet.cat\\\/es\\\/inicio\\\/\"},{\"@type\":\"ListItem\",\"position\":2,\"name\":\"\u00bfCu\u00e1nto Cuesta una Bater\u00eda para Placas Solares en 2025\\\/26?\"}]},{\"@type\":\"WebSite\",\"@id\":\"https:\\\/\\\/boquet.cat\\\/#website\",\"url\":\"https:\\\/\\\/boquet.cat\\\/\",\"name\":\"Boquet\",\"description\":\"\",\"potentialAction\":[{\"@type\":\"SearchAction\",\"target\":{\"@type\":\"EntryPoint\",\"urlTemplate\":\"https:\\\/\\\/boquet.cat\\\/?s={search_term_string}\"},\"query-input\":{\"@type\":\"PropertyValueSpecification\",\"valueRequired\":true,\"valueName\":\"search_term_string\"}}],\"inLanguage\":\"es\"}]}<\/script>\n<!-- \/ Yoast SEO plugin. -->","yoast_head_json":{"title":"\u00bfCu\u00e1nto Cuesta una Bater\u00eda para Placas Solares en 2025\/26? - Boquet","description":"Descubre los precios de bater\u00edas para placas solares en 2025. Tipos, comparativa, recomendaciones y presupuesto personalizado.","robots":{"index":"index","follow":"follow","max-snippet":"max-snippet:-1","max-image-preview":"max-image-preview:large","max-video-preview":"max-video-preview:-1"},"canonical":"https:\/\/boquet.cat\/es\/cuanto-cuesta-una-bateria-para-placas-solares-en-2025-26\/","og_locale":"es_ES","og_type":"article","og_title":"\u00bfCu\u00e1nto Cuesta una Bater\u00eda para Placas Solares en 2025\/26? - Boquet","og_description":"Descubre los precios de bater\u00edas para placas solares en 2025. Tipos, comparativa, recomendaciones y presupuesto personalizado.","og_url":"https:\/\/boquet.cat\/es\/cuanto-cuesta-una-bateria-para-placas-solares-en-2025-26\/","og_site_name":"Boquet","article_modified_time":"2025-11-21T10:32:54+00:00","og_image":[{"width":1280,"height":1280,"url":"https:\/\/boquet.cat\/wp-content\/uploads\/2025\/08\/1mod-Photoroom-1.png","type":"image\/png"}],"twitter_card":"summary_large_image","twitter_misc":{"Tiempo de lectura":"3 minutos"},"schema":{"@context":"https:\/\/schema.org","@graph":[{"@type":"WebPage","@id":"https:\/\/boquet.cat\/es\/cuanto-cuesta-una-bateria-para-placas-solares-en-2025-26\/","url":"https:\/\/boquet.cat\/es\/cuanto-cuesta-una-bateria-para-placas-solares-en-2025-26\/","name":"\u00bfCu\u00e1nto Cuesta una Bater\u00eda para Placas Solares en 2025\/26? - Boquet","isPartOf":{"@id":"https:\/\/boquet.cat\/#website"},"primaryImageOfPage":{"@id":"https:\/\/boquet.cat\/es\/cuanto-cuesta-una-bateria-para-placas-solares-en-2025-26\/#primaryimage"},"image":{"@id":"https:\/\/boquet.cat\/es\/cuanto-cuesta-una-bateria-para-placas-solares-en-2025-26\/#primaryimage"},"thumbnailUrl":"https:\/\/boquet.cat\/wp-content\/uploads\/2025\/08\/1mod-Photoroom-1-1030x1030.png","datePublished":"2025-11-21T10:03:51+00:00","dateModified":"2025-11-21T10:32:54+00:00","description":"Descubre los precios de bater\u00edas para placas solares en 2025. Tipos, comparativa, recomendaciones y presupuesto personalizado.","breadcrumb":{"@id":"https:\/\/boquet.cat\/es\/cuanto-cuesta-una-bateria-para-placas-solares-en-2025-26\/#breadcrumb"},"inLanguage":"es","potentialAction":[{"@type":"ReadAction","target":["https:\/\/boquet.cat\/es\/cuanto-cuesta-una-bateria-para-placas-solares-en-2025-26\/"]}]},{"@type":"ImageObject","inLanguage":"es","@id":"https:\/\/boquet.cat\/es\/cuanto-cuesta-una-bateria-para-placas-solares-en-2025-26\/#primaryimage","url":"https:\/\/boquet.cat\/wp-content\/uploads\/2025\/08\/1mod-Photoroom-1-1030x1030.png","contentUrl":"https:\/\/boquet.cat\/wp-content\/uploads\/2025\/08\/1mod-Photoroom-1-1030x1030.png"},{"@type":"BreadcrumbList","@id":"https:\/\/boquet.cat\/es\/cuanto-cuesta-una-bateria-para-placas-solares-en-2025-26\/#breadcrumb","itemListElement":[{"@type":"ListItem","position":1,"name":"Inici","item":"https:\/\/boquet.cat\/es\/inicio\/"},{"@type":"ListItem","position":2,"name":"\u00bfCu\u00e1nto Cuesta una Bater\u00eda para Placas Solares en 2025\/26?"}]},{"@type":"WebSite","@id":"https:\/\/boquet.cat\/#website","url":"https:\/\/boquet.cat\/","name":"Boquet","description":"","potentialAction":[{"@type":"SearchAction","target":{"@type":"EntryPoint","urlTemplate":"https:\/\/boquet.cat\/?s={search_term_string}"},"query-input":{"@type":"PropertyValueSpecification","valueRequired":true,"valueName":"search_term_string"}}],"inLanguage":"es"}]}},"_links":{"self":[{"href":"https:\/\/boquet.cat\/es\/wp-json\/wp\/v2\/pages\/6229","targetHints":{"allow":["GET"]}}],"collection":[{"href":"https:\/\/boquet.cat\/es\/wp-json\/wp\/v2\/pages"}],"about":[{"href":"https:\/\/boquet.cat\/es\/wp-json\/wp\/v2\/types\/page"}],"author":[{"embeddable":true,"href":"https:\/\/boquet.cat\/es\/wp-json\/wp\/v2\/users\/63"}],"replies":[{"embeddable":true,"href":"https:\/\/boquet.cat\/es\/wp-json\/wp\/v2\/comments?post=6229"}],"version-history":[{"count":0,"href":"https:\/\/boquet.cat\/es\/wp-json\/wp\/v2\/pages\/6229\/revisions"}],"wp:attachment":[{"href":"https:\/\/boquet.cat\/es\/wp-json\/wp\/v2\/media?parent=6229"}],"curies":[{"name":"wp","href":"https:\/\/api.w.org\/{rel}","templated":true}]}}